{"id":1561,"date":"2016-11-30T04:42:14","date_gmt":"2016-11-30T04:42:14","guid":{"rendered":"http:\/\/kroth:8888\/?page_id=1561"},"modified":"2021-01-28T15:37:20","modified_gmt":"2021-01-28T21:37:20","slug":"robots-automatizacion-empresarial","status":"publish","type":"page","link":"http:\/\/www.ienasaj.com\/index.php\/soluciones-de-software\/robots-automatizacion-empresarial\/","title":{"rendered":"Robots para Automatizaci\u00f3n de Tareas"},"content":{"rendered":"<p>[vc_row][vc_column width=\u00bb1\/4&#8243;][vc_widget_sidebar sidebar_id=\u00bbsub-services-page-sidebar\u00bb][\/vc_column][vc_column width=\u00bb3\/4&#8243;][vc_row_inner][vc_column_inner][vc_single_image image=\u00bb1691&#8243; img_size=\u00bblarge\u00bb alignment=\u00bbcenter\u00bb el_class=\u00bbrounded-three\u00bb][vc_column_text css=\u00bb.vc_custom_1611202827989{margin-bottom: 5px !important;}\u00bb]<\/p>\n<h3>\u00a1Un Robot Lo Hace Por Usted!<\/h3>\n<p style=\"text-align: justify;\">TRANQUILIDAD para delegar aquellas operaciones repetitivas que desgastan a su personal y sin las que sus fichas claves comerciales y de operaciones que podr\u00edan dar mucho m\u00e1s rendimiento. Ese es el prop\u00f3sito de nuestro nuevo servicio de robots para automatizar tareas repetitivas.<\/p>\n<p>Con nuestro desarrollo que se adapta a cualquier necesidad en variedad de empresas, su negocio lograr\u00e1 beneficios:[\/vc_column_text]<ul class=\"list-one  krth-list-69dee8d40640d\"><li>Notificaciones de facturaci\u00f3n a clientes y empresas o la facturaci\u00f3n misma.<\/li><li>Generaci\u00f3n de reportes o informes personalizados autom\u00e1ticos<\/li><li>Tipos de cambio de moneda<\/li><li>Generaci\u00f3n de respaldos de backups de informaci\u00f3n<\/li><\/ul>[vc_column_text]<\/p>\n<p style=\"text-align: justify;\">Podemos programar para que se corran procesos inteligentes y de an\u00e1lisis en la plataforma que su compa\u00f1\u00eda maneje. As\u00ed ser\u00eda, sin demoras, retrasos u omisiones, ya que son ejecuciones precisas, seguras, confiables, autom\u00e1ticas y eficientes.<\/p>\n<p style=\"text-align: justify;\">Las tareas programadas por robots son una forma efectiva de desarrollos que operan sin necesidad de intervenci\u00f3n de un usuario. Han sido soluciones apropiadas para resolver procesos operativos recurrentes que regularmente se han hecho de manera manual y que var\u00edan en tiempos de ejecuci\u00f3n seg\u00fan el usuario y su destreza manipulando los datos o las fuentes de informaci\u00f3n.<\/p>\n<h3>Robots para Automatizaci\u00f3n<\/h3>\n<p style=\"text-align: justify;\">Hist\u00f3ricamente han facilitado el funcionamiento de negocios productivos en cualquier sector industrial y en diversas \u00e1reas administrativas.<\/p>\n<p style=\"text-align: justify;\">IENASAJ ha efectuado desarrollos de automatizaci\u00f3n como parte de las mejoras de su producto estrella SCAD. Tambi\u00e9n para resolver necesidades de sus clientes y mejorar su gesti\u00f3n administrativa con sistemas que son compatibles con ambientes operativos como linux y windows. La realizaci\u00f3n del c\u00f3digo es \u00f3ptima, documentada y garantizada para trabajar con otras soluciones de software que la empresa utilice.<\/p>\n<p style=\"text-align: justify;\"><strong>Cons\u00faltenos por este servicio, estamos disponibles para atender sus necesidades.<\/strong><\/p>\n<p>[\/vc_column_text][vc_column_text]<\/p>\n<h2>\u00bfM\u00e1s Informaci\u00f3n?<\/h2>\n<p><a href=\"http:\/\/www.ienasaj.com\/index.php\/contacto\/\">Cont\u00e1ctenos<\/a>[\/vc_column_text][\/vc_column_inner][\/vc_row_inner][\/vc_column][\/vc_row][vc_row][vc_column][vc_separator][\/vc_column][\/vc_row][vc_row][vc_column][vc_column_text]<strong>Encuentra las Mejores soluciones<\/strong> en <a href=\"http:\/\/www.ienasaj.com\/index.php\/soluciones\/software-erp-espanol\/\" target=\"_blank\" rel=\"noopener noreferrer\"><strong>Software Administrativo Empresarial<\/strong><\/a>, <a href=\"http:\/\/www.ienasaj.com\/index.php\/soluciones\/facturacion-electronica\/\" target=\"_blank\" rel=\"noopener noreferrer\"><strong>Factura Electr\u00f3nica para Colombia y Costa Rica<\/strong><\/a>, <a href=\"http:\/\/www.ienasaj.com\/index.php\/soluciones\/impresora-fiscal-y-software-en-panama\/\" target=\"_blank\" rel=\"noopener noreferrer\"><strong>Impresora Fiscal en Panam\u00e1<\/strong><\/a> y <a href=\"http:\/\/www.ienasaj.com\/index.php\/soluciones\/software-administrativo-android\/\" target=\"_blank\" rel=\"noopener noreferrer\"><strong>Software Administrativo para m\u00f3viles<\/strong><\/a>. Sigue nuestra <strong><a href=\"https:\/\/www.facebook.com\/informaticaespecializadanasaj\/\" target=\"_blank\" rel=\"noopener noreferrer\">p\u00e1gina en Facebook<\/a><\/strong> y nuestra <a href=\"https:\/\/www.instagram.com\/informaticaespecializada\/\" target=\"_blank\" rel=\"noopener noreferrer\"><strong>cuenta en Instagram<\/strong><\/a>.[\/vc_column_text][\/vc_column][\/vc_row][vc_row full_width=\u00bbstretch_row\u00bb overlay_dotted=\u00bb\u00bb css=\u00bb.vc_custom_1481544462099{margin-top: 40px !important;}\u00bb][vc_column]<div class=\"krth-cta krth-cta-one cta-cnt-left \"><div class=\"krth-cta-cnt \" ><p><span style=\"color: #ffffff;\"><strong>Servicio al Cliente<\/strong> <span style=\"padding-left: 15px;\">Estamos atentos a tus requerimientos<\/span><\/span><\/p>\n<\/div><a class=\"krth-btn btn-secondary  vc_custom_1608135076810 btn-medium krth-btn-69dee8d40655b btn-hover-one btn-icon-left rounded-three \" href=\"http:\/\/www.ienasaj.com\/index.php\/contacto\/\"><span class=\"btn-text\">Cont\u00e1ctanos<\/span><\/a><\/div>[\/vc_column][\/vc_row]<\/p>\n","protected":false},"excerpt":{"rendered":"[vc_row][vc_column width=\u00bb1\/4&#8243;][vc_widget_sidebar sidebar_id=\u00bbsub-services-page-sidebar\u00bb][\/vc_column][vc_column width=\u00bb3\/4&#8243;][vc_row_inner][vc_column_inner][vc_single_image image=\u00bb1691&#8243; img_size=\u00bblarge\u00bb alignment=\u00bbcenter\u00bb el_class=\u00bbrounded-three\u00bb][vc_column_text css=\u00bb.vc_custom_1611202827989{margin-bottom: 5px !important;}\u00bb] \u00a1Un Robot Lo Hace Por Usted! TRANQUILIDAD para delegar aquellas operaciones repetitivas que desgastan a su personal y sin las que sus fichas claves comerciales y de operaciones que podr\u00edan dar mucho m\u00e1s rendimiento. Ese es el prop\u00f3sito de nuestro nuevo servicio de robots[&#8230;]","protected":false},"author":1,"featured_media":1884,"parent":588,"menu_order":0,"comment_status":"closed","ping_status":"closed","template":"","meta":[],"yoast_head":"<!-- This site is optimized with the Yoast SEO plugin v18.8 - https:\/\/yoast.com\/wordpress\/plugins\/seo\/ -->\n<title>Robots para Automatizaci\u00f3n | Inform\u00e1tica Especializada NASAJ<\/title>\n<meta name=\"description\" content=\"Robots para automatizaci\u00f3n de procesos empresariales en costa rica, software a la medida. Software administraci\u00f3n empresarial.\" \/>\n<meta name=\"robots\" content=\"index, follow, max-snippet:-1, max-image-preview:large, max-video-preview:-1\" \/>\n<link rel=\"canonical\" href=\"http:\/\/www.ienasaj.com\/index.php\/soluciones-de-software\/robots-automatizacion-empresarial\/\" \/>\n<meta property=\"og:locale\" content=\"es_ES\" \/>\n<meta property=\"og:type\" content=\"article\" \/>\n<meta property=\"og:title\" content=\"Robots para Automatizaci\u00f3n | Inform\u00e1tica Especializada NASAJ\" \/>\n<meta property=\"og:description\" content=\"Robots para automatizaci\u00f3n de procesos empresariales en costa rica, software a la medida. Software administraci\u00f3n empresarial.\" \/>\n<meta property=\"og:url\" content=\"http:\/\/www.ienasaj.com\/index.php\/soluciones-de-software\/robots-automatizacion-empresarial\/\" \/>\n<meta property=\"og:site_name\" content=\"Inform\u00e1tica Especializada NASAJ\" \/>\n<meta property=\"article:publisher\" content=\"https:\/\/www.facebook.com\/informaticaespecializadanasaj\" \/>\n<meta property=\"article:modified_time\" content=\"2021-01-28T21:37:20+00:00\" \/>\n<meta property=\"og:image\" content=\"http:\/\/www.ienasaj.com\/wp-content\/uploads\/2020\/12\/Robots-Para-Automatizacion-De-Tareas.jpg\" \/>\n\t<meta property=\"og:image:width\" content=\"1900\" \/>\n\t<meta property=\"og:image:height\" content=\"950\" \/>\n\t<meta property=\"og:image:type\" content=\"image\/jpeg\" \/>\n<meta name=\"twitter:card\" content=\"summary_large_image\" \/>\n<meta name=\"twitter:site\" content=\"@ienasaj\" \/>\n<meta name=\"twitter:label1\" content=\"Tiempo de lectura\" \/>\n\t<meta name=\"twitter:data1\" content=\"2 minutos\" \/>\n<script type=\"application\/ld+json\" class=\"yoast-schema-graph\">{\"@context\":\"https:\/\/schema.org\",\"@graph\":[{\"@type\":\"Organization\",\"@id\":\"http:\/\/www.ienasaj.com\/#organization\",\"name\":\"Inform\u00e1tica Especializada Nasaj\",\"url\":\"http:\/\/www.ienasaj.com\/\",\"sameAs\":[\"https:\/\/www.facebook.com\/informaticaespecializadanasaj\",\"https:\/\/www.instagram.com\/ienasaj\/\",\"https:\/\/www.linkedin.com\/company\/inform\u00e1tica-especializada-nasaj\/\",\"https:\/\/www.youtube.com\/user\/infnasaj\",\"https:\/\/twitter.com\/ienasaj\"],\"logo\":{\"@type\":\"ImageObject\",\"inLanguage\":\"es\",\"@id\":\"http:\/\/www.ienasaj.com\/#\/schema\/logo\/image\/\",\"url\":\"http:\/\/www.ienasaj.com\/wp-content\/uploads\/2020\/12\/logo_ienasaj-erp-nuevo-th.png\",\"contentUrl\":\"http:\/\/www.ienasaj.com\/wp-content\/uploads\/2020\/12\/logo_ienasaj-erp-nuevo-th.png\",\"width\":140,\"height\":47,\"caption\":\"Inform\u00e1tica Especializada Nasaj\"},\"image\":{\"@id\":\"http:\/\/www.ienasaj.com\/#\/schema\/logo\/image\/\"}},{\"@type\":\"WebSite\",\"@id\":\"http:\/\/www.ienasaj.com\/#website\",\"url\":\"http:\/\/www.ienasaj.com\/\",\"name\":\"Inform\u00e1tica Especializada NASAJ\",\"description\":\"Software ERP para gesti\u00f3n empresarial, software y soluciones empresariales latinoamerica\",\"publisher\":{\"@id\":\"http:\/\/www.ienasaj.com\/#organization\"},\"potentialAction\":[{\"@type\":\"SearchAction\",\"target\":{\"@type\":\"EntryPoint\",\"urlTemplate\":\"http:\/\/www.ienasaj.com\/?s={search_term_string}\"},\"query-input\":\"required name=search_term_string\"}],\"inLanguage\":\"es\"},{\"@type\":\"ImageObject\",\"inLanguage\":\"es\",\"@id\":\"http:\/\/www.ienasaj.com\/index.php\/soluciones-de-software\/robots-automatizacion-empresarial\/#primaryimage\",\"url\":\"http:\/\/www.ienasaj.com\/wp-content\/uploads\/2020\/12\/Robots-Para-Automatizacion-De-Tareas.jpg\",\"contentUrl\":\"http:\/\/www.ienasaj.com\/wp-content\/uploads\/2020\/12\/Robots-Para-Automatizacion-De-Tareas.jpg\",\"width\":1900,\"height\":950,\"caption\":\"Robots para Automatizaci\u00f3n\"},{\"@type\":\"WebPage\",\"@id\":\"http:\/\/www.ienasaj.com\/index.php\/soluciones-de-software\/robots-automatizacion-empresarial\/#webpage\",\"url\":\"http:\/\/www.ienasaj.com\/index.php\/soluciones-de-software\/robots-automatizacion-empresarial\/\",\"name\":\"Robots para Automatizaci\u00f3n | Inform\u00e1tica Especializada NASAJ\",\"isPartOf\":{\"@id\":\"http:\/\/www.ienasaj.com\/#website\"},\"primaryImageOfPage\":{\"@id\":\"http:\/\/www.ienasaj.com\/index.php\/soluciones-de-software\/robots-automatizacion-empresarial\/#primaryimage\"},\"datePublished\":\"2016-11-30T04:42:14+00:00\",\"dateModified\":\"2021-01-28T21:37:20+00:00\",\"description\":\"Robots para automatizaci\u00f3n de procesos empresariales en costa rica, software a la medida. Software administraci\u00f3n empresarial.\",\"breadcrumb\":{\"@id\":\"http:\/\/www.ienasaj.com\/index.php\/soluciones-de-software\/robots-automatizacion-empresarial\/#breadcrumb\"},\"inLanguage\":\"es\",\"potentialAction\":[{\"@type\":\"ReadAction\",\"target\":[\"http:\/\/www.ienasaj.com\/index.php\/soluciones-de-software\/robots-automatizacion-empresarial\/\"]}]},{\"@type\":\"BreadcrumbList\",\"@id\":\"http:\/\/www.ienasaj.com\/index.php\/soluciones-de-software\/robots-automatizacion-empresarial\/#breadcrumb\",\"itemListElement\":[{\"@type\":\"ListItem\",\"position\":1,\"name\":\"Home\",\"item\":\"http:\/\/www.ienasaj.com\/\"},{\"@type\":\"ListItem\",\"position\":2,\"name\":\"Soluciones\",\"item\":\"http:\/\/www.ienasaj.com\/index.php\/soluciones-de-software\/\"},{\"@type\":\"ListItem\",\"position\":3,\"name\":\"Robots para Automatizaci\u00f3n de Tareas\"}]}]}<\/script>\n<!-- \/ Yoast SEO plugin. -->","yoast_head_json":{"title":"Robots para Automatizaci\u00f3n | Inform\u00e1tica Especializada NASAJ","description":"Robots para automatizaci\u00f3n de procesos empresariales en costa rica, software a la medida. Software administraci\u00f3n empresarial.","robots":{"index":"index","follow":"follow","max-snippet":"max-snippet:-1","max-image-preview":"max-image-preview:large","max-video-preview":"max-video-preview:-1"},"canonical":"http:\/\/www.ienasaj.com\/index.php\/soluciones-de-software\/robots-automatizacion-empresarial\/","og_locale":"es_ES","og_type":"article","og_title":"Robots para Automatizaci\u00f3n | Inform\u00e1tica Especializada NASAJ","og_description":"Robots para automatizaci\u00f3n de procesos empresariales en costa rica, software a la medida. Software administraci\u00f3n empresarial.","og_url":"http:\/\/www.ienasaj.com\/index.php\/soluciones-de-software\/robots-automatizacion-empresarial\/","og_site_name":"Inform\u00e1tica Especializada NASAJ","article_publisher":"https:\/\/www.facebook.com\/informaticaespecializadanasaj","article_modified_time":"2021-01-28T21:37:20+00:00","og_image":[{"width":1900,"height":950,"url":"http:\/\/www.ienasaj.com\/wp-content\/uploads\/2020\/12\/Robots-Para-Automatizacion-De-Tareas.jpg","type":"image\/jpeg"}],"twitter_card":"summary_large_image","twitter_site":"@ienasaj","twitter_misc":{"Tiempo de lectura":"2 minutos"},"schema":{"@context":"https:\/\/schema.org","@graph":[{"@type":"Organization","@id":"http:\/\/www.ienasaj.com\/#organization","name":"Inform\u00e1tica Especializada Nasaj","url":"http:\/\/www.ienasaj.com\/","sameAs":["https:\/\/www.facebook.com\/informaticaespecializadanasaj","https:\/\/www.instagram.com\/ienasaj\/","https:\/\/www.linkedin.com\/company\/inform\u00e1tica-especializada-nasaj\/","https:\/\/www.youtube.com\/user\/infnasaj","https:\/\/twitter.com\/ienasaj"],"logo":{"@type":"ImageObject","inLanguage":"es","@id":"http:\/\/www.ienasaj.com\/#\/schema\/logo\/image\/","url":"http:\/\/www.ienasaj.com\/wp-content\/uploads\/2020\/12\/logo_ienasaj-erp-nuevo-th.png","contentUrl":"http:\/\/www.ienasaj.com\/wp-content\/uploads\/2020\/12\/logo_ienasaj-erp-nuevo-th.png","width":140,"height":47,"caption":"Inform\u00e1tica Especializada Nasaj"},"image":{"@id":"http:\/\/www.ienasaj.com\/#\/schema\/logo\/image\/"}},{"@type":"WebSite","@id":"http:\/\/www.ienasaj.com\/#website","url":"http:\/\/www.ienasaj.com\/","name":"Inform\u00e1tica Especializada NASAJ","description":"Software ERP para gesti\u00f3n empresarial, software y soluciones empresariales latinoamerica","publisher":{"@id":"http:\/\/www.ienasaj.com\/#organization"},"potentialAction":[{"@type":"SearchAction","target":{"@type":"EntryPoint","urlTemplate":"http:\/\/www.ienasaj.com\/?s={search_term_string}"},"query-input":"required name=search_term_string"}],"inLanguage":"es"},{"@type":"ImageObject","inLanguage":"es","@id":"http:\/\/www.ienasaj.com\/index.php\/soluciones-de-software\/robots-automatizacion-empresarial\/#primaryimage","url":"http:\/\/www.ienasaj.com\/wp-content\/uploads\/2020\/12\/Robots-Para-Automatizacion-De-Tareas.jpg","contentUrl":"http:\/\/www.ienasaj.com\/wp-content\/uploads\/2020\/12\/Robots-Para-Automatizacion-De-Tareas.jpg","width":1900,"height":950,"caption":"Robots para Automatizaci\u00f3n"},{"@type":"WebPage","@id":"http:\/\/www.ienasaj.com\/index.php\/soluciones-de-software\/robots-automatizacion-empresarial\/#webpage","url":"http:\/\/www.ienasaj.com\/index.php\/soluciones-de-software\/robots-automatizacion-empresarial\/","name":"Robots para Automatizaci\u00f3n | Inform\u00e1tica Especializada NASAJ","isPartOf":{"@id":"http:\/\/www.ienasaj.com\/#website"},"primaryImageOfPage":{"@id":"http:\/\/www.ienasaj.com\/index.php\/soluciones-de-software\/robots-automatizacion-empresarial\/#primaryimage"},"datePublished":"2016-11-30T04:42:14+00:00","dateModified":"2021-01-28T21:37:20+00:00","description":"Robots para automatizaci\u00f3n de procesos empresariales en costa rica, software a la medida. Software administraci\u00f3n empresarial.","breadcrumb":{"@id":"http:\/\/www.ienasaj.com\/index.php\/soluciones-de-software\/robots-automatizacion-empresarial\/#breadcrumb"},"inLanguage":"es","potentialAction":[{"@type":"ReadAction","target":["http:\/\/www.ienasaj.com\/index.php\/soluciones-de-software\/robots-automatizacion-empresarial\/"]}]},{"@type":"BreadcrumbList","@id":"http:\/\/www.ienasaj.com\/index.php\/soluciones-de-software\/robots-automatizacion-empresarial\/#breadcrumb","itemListElement":[{"@type":"ListItem","position":1,"name":"Home","item":"http:\/\/www.ienasaj.com\/"},{"@type":"ListItem","position":2,"name":"Soluciones","item":"http:\/\/www.ienasaj.com\/index.php\/soluciones-de-software\/"},{"@type":"ListItem","position":3,"name":"Robots para Automatizaci\u00f3n de Tareas"}]}]}},"_links":{"self":[{"href":"http:\/\/www.ienasaj.com\/index.php\/wp-json\/wp\/v2\/pages\/1561"}],"collection":[{"href":"http:\/\/www.ienasaj.com\/index.php\/wp-json\/wp\/v2\/pages"}],"about":[{"href":"http:\/\/www.ienasaj.com\/index.php\/wp-json\/wp\/v2\/types\/page"}],"author":[{"embeddable":true,"href":"http:\/\/www.ienasaj.com\/index.php\/wp-json\/wp\/v2\/users\/1"}],"replies":[{"embeddable":true,"href":"http:\/\/www.ienasaj.com\/index.php\/wp-json\/wp\/v2\/comments?post=1561"}],"version-history":[{"count":14,"href":"http:\/\/www.ienasaj.com\/index.php\/wp-json\/wp\/v2\/pages\/1561\/revisions"}],"predecessor-version":[{"id":2669,"href":"http:\/\/www.ienasaj.com\/index.php\/wp-json\/wp\/v2\/pages\/1561\/revisions\/2669"}],"up":[{"embeddable":true,"href":"http:\/\/www.ienasaj.com\/index.php\/wp-json\/wp\/v2\/pages\/588"}],"wp:featuredmedia":[{"embeddable":true,"href":"http:\/\/www.ienasaj.com\/index.php\/wp-json\/wp\/v2\/media\/1884"}],"wp:attachment":[{"href":"http:\/\/www.ienasaj.com\/index.php\/wp-json\/wp\/v2\/media?parent=1561"}],"curies":[{"name":"wp","href":"https:\/\/api.w.org\/{rel}","templated":true}]}}