{"id":1706,"date":"2020-12-16T16:46:18","date_gmt":"2020-12-16T16:46:18","guid":{"rendered":"http:\/\/www.ienasaj.com\/?page_id=1706"},"modified":"2021-01-28T15:39:38","modified_gmt":"2021-01-28T21:39:38","slug":"respaldo-datos-empresariales","status":"publish","type":"page","link":"http:\/\/www.ienasaj.com\/index.php\/soluciones-de-software\/respaldo-datos-empresariales\/","title":{"rendered":"Respaldo de Datos Empresariales"},"content":{"rendered":"<p>[vc_row][vc_column width=\u00bb1\/4&#8243;][vc_widget_sidebar sidebar_id=\u00bbsub-services-page-sidebar\u00bb][\/vc_column][vc_column width=\u00bb3\/4&#8243;][vc_row_inner][vc_column_inner][vc_single_image image=\u00bb1707&#8243; img_size=\u00bblarge\u00bb alignment=\u00bbcenter\u00bb el_class=\u00bbrounded-three\u00bb][vc_column_text css=\u00bb.vc_custom_1608137175122{margin-bottom: 5px !important;}\u00bb]<\/p>\n<h3><span class=\"title-left\">Respaldo De Datos Empresariales: No Arriesgue La Operaci\u00f3n De Su Compa\u00f1\u00eda<\/span><\/h3>\n<p style=\"text-align: justify;\">La informaci\u00f3n de tu empresa es uno de tus activos mas preciados.\u00a0La informaci\u00f3n se usa\u00a0a diario,\u00a0se\u00a0va generando con la misma velocidad y en proporciones sorprendentes: hist\u00f3ricos, proyecciones, estad\u00edsticas, etc., esta informaci\u00f3n tiene un gran valor y ayuda diariamente a tomar decisiones cruciales para mejorar la productividad.<\/p>\n<p><img loading=\"lazy\" class=\"alignnone size-medium wp-image-1708 alignright\" src=\"http:\/\/www.ienasaj.com\/wp-content\/uploads\/2020\/12\/backups.png\" alt=\"\" width=\"150\" height=\"150\" srcset=\"http:\/\/www.ienasaj.com\/wp-content\/uploads\/2020\/12\/backups.png 150w, http:\/\/www.ienasaj.com\/wp-content\/uploads\/2020\/12\/backups-100x100.png 100w\" sizes=\"(max-width: 150px) 100vw, 150px\" \/><img loading=\"lazy\" class=\"alignnone size-medium wp-image-1709 alignright\" src=\"http:\/\/www.ienasaj.com\/wp-content\/uploads\/2020\/12\/email-backup.png\" alt=\"\" width=\"150\" height=\"150\" srcset=\"http:\/\/www.ienasaj.com\/wp-content\/uploads\/2020\/12\/email-backup.png 150w, http:\/\/www.ienasaj.com\/wp-content\/uploads\/2020\/12\/email-backup-100x100.png 100w\" sizes=\"(max-width: 150px) 100vw, 150px\" \/>El\u00a0<strong>auto-respaldador<\/strong>\u00a0de SCAD hace la tarea diariamente de estar copiando los datos y as\u00ed evita que lo olvide, con la ventaja que efect\u00faa una replica de\u00a0los datos en servidores de IENASAJ en centros de datos seguros, cada d\u00eda\u00a0se env\u00eda un correo con la verificaci\u00f3n de los respaldos recibidos y el estado de los mismos.<\/p>\n<p>En cualquier perdida de equipos, incendio o desastre natural podr\u00e1s siempre tener de regreso tu empresa en el menor tiempo posible. Solicita tu auto-respaldador YA.<\/p>\n<p><strong>Solicita la instalaci\u00f3n del respaldador<\/strong>\u00a0autom\u00e1tico con solo\u00a0Abrir Una Orden De Trabajo\u00a0Aqu\u00ed\u00a0con solo una cuota mensual de $20 USD tendr\u00e1s\u00a0asegurada toda la informaci\u00f3n diaria de SCAD. Tambi\u00e9n puedes consultar por descuentos en\u00a0<strong>pagos SEMESTRALES o ANUALES.<\/strong><\/p>\n<p>Asegure\u00a0la informaci\u00f3n y no seas presa de eventos catastr\u00f3ficos. \u00bfTe han asaltado en alguna ocasi\u00f3n? \u00bfHa ca\u00eddo alg\u00fan rayo cerca y ha da\u00f1ado sus equipos? \u00bfHan borrado por equivocaci\u00f3n alguna informaci\u00f3n importante?[\/vc_column_text][vc_column_text]<\/p>\n<h2>\u00bfM\u00e1s Informaci\u00f3n?<\/h2>\n<p>Cont\u00e1ctenos[\/vc_column_text][\/vc_column_inner][\/vc_row_inner][\/vc_column][\/vc_row][vc_row][vc_column][vc_separator][\/vc_column][\/vc_row][vc_row][vc_column][vc_column_text]<strong>Encuentra las Mejores soluciones<\/strong> en <a href=\"http:\/\/www.ienasaj.com\/index.php\/soluciones\/software-erp-espanol\/\" target=\"_blank\" rel=\"noopener noreferrer\"><strong>Software Administrativo Empresarial<\/strong><\/a>, <a href=\"http:\/\/www.ienasaj.com\/index.php\/soluciones\/facturacion-electronica\/\" target=\"_blank\" rel=\"noopener noreferrer\"><strong>Factura Electr\u00f3nica para Colombia y Costa Rica<\/strong><\/a>, <a href=\"http:\/\/www.ienasaj.com\/index.php\/soluciones\/impresora-fiscal-y-software-en-panama\/\" target=\"_blank\" rel=\"noopener noreferrer\"><strong>Impresora Fiscal en Panam\u00e1<\/strong><\/a> y <a href=\"http:\/\/www.ienasaj.com\/index.php\/soluciones\/software-administrativo-android\/\" target=\"_blank\" rel=\"noopener noreferrer\"><strong>Software Administrativo para m\u00f3viles<\/strong><\/a>. Sigue nuestra <strong><a href=\"https:\/\/www.facebook.com\/informaticaespecializadanasaj\/\" target=\"_blank\" rel=\"noopener noreferrer\">p\u00e1gina en Facebook<\/a><\/strong> y nuestra <a href=\"https:\/\/www.instagram.com\/informaticaespecializada\/\" target=\"_blank\" rel=\"noopener noreferrer\"><strong>cuenta en Instagram<\/strong><\/a>.[\/vc_column_text][\/vc_column][\/vc_row][vc_row full_width=\u00bbstretch_row\u00bb overlay_dotted=\u00bb\u00bb css=\u00bb.vc_custom_1481544462099{margin-top: 40px !important;}\u00bb][vc_column]<div class=\"krth-cta krth-cta-one cta-cnt-left \"><div class=\"krth-cta-cnt \" ><p><span style=\"color: #ffffff;\"><strong>+507 6868 7292<\/strong> <span style=\"padding-left: 15px;\">Estamos atentos a tus requerimientos<\/span><\/span><\/p>\n<\/div><a class=\"krth-btn btn-secondary  vc_custom_1608135076810 btn-medium krth-btn-69dc117b4faa9 btn-hover-one btn-icon-left rounded-three \" href=\"http:\/\/www.ienasaj.com\/index.php\/contacto\/\"><span class=\"btn-text\">Cont\u00e1ctanos<\/span><\/a><\/div>[\/vc_column][\/vc_row]<\/p>\n","protected":false},"excerpt":{"rendered":"[vc_row][vc_column width=\u00bb1\/4&#8243;][vc_widget_sidebar sidebar_id=\u00bbsub-services-page-sidebar\u00bb][\/vc_column][vc_column width=\u00bb3\/4&#8243;][vc_row_inner][vc_column_inner][vc_single_image image=\u00bb1707&#8243; img_size=\u00bblarge\u00bb alignment=\u00bbcenter\u00bb el_class=\u00bbrounded-three\u00bb][vc_column_text css=\u00bb.vc_custom_1608137175122{margin-bottom: 5px !important;}\u00bb] Respaldo De Datos Empresariales: No Arriesgue La Operaci\u00f3n De Su Compa\u00f1\u00eda La informaci\u00f3n de tu empresa es uno de tus activos mas preciados.\u00a0La informaci\u00f3n se usa\u00a0a diario,\u00a0se\u00a0va generando con la misma velocidad y en proporciones sorprendentes: hist\u00f3ricos, proyecciones, estad\u00edsticas, etc., esta informaci\u00f3n tiene un[&#8230;]","protected":false},"author":1,"featured_media":1781,"parent":588,"menu_order":0,"comment_status":"closed","ping_status":"closed","template":"","meta":[],"yoast_head":"<!-- This site is optimized with the Yoast SEO plugin v18.8 - https:\/\/yoast.com\/wordpress\/plugins\/seo\/ -->\n<title>Respaldo de Datos Empresariales | Inform\u00e1tica Especializada NASAJ<\/title>\n<meta name=\"description\" content=\"Respaldo datos empresariales en la nube peque\u00f1a, mediana y gran empresa, para cada tipo de negocio. Contacto +50768687292\" \/>\n<meta name=\"robots\" content=\"index, follow, max-snippet:-1, max-image-preview:large, max-video-preview:-1\" \/>\n<link rel=\"canonical\" href=\"http:\/\/www.ienasaj.com\/index.php\/soluciones-de-software\/respaldo-datos-empresariales\/\" \/>\n<meta property=\"og:locale\" content=\"es_ES\" \/>\n<meta property=\"og:type\" content=\"article\" \/>\n<meta property=\"og:title\" content=\"Respaldo de Datos Empresariales | Inform\u00e1tica Especializada NASAJ\" \/>\n<meta property=\"og:description\" content=\"Respaldo datos empresariales en la nube peque\u00f1a, mediana y gran empresa, para cada tipo de negocio. Contacto +50768687292\" \/>\n<meta property=\"og:url\" content=\"http:\/\/www.ienasaj.com\/index.php\/soluciones-de-software\/respaldo-datos-empresariales\/\" \/>\n<meta property=\"og:site_name\" content=\"Inform\u00e1tica Especializada NASAJ\" \/>\n<meta property=\"article:publisher\" content=\"https:\/\/www.facebook.com\/informaticaespecializadanasaj\" \/>\n<meta property=\"article:modified_time\" content=\"2021-01-28T21:39:38+00:00\" \/>\n<meta property=\"og:image\" content=\"http:\/\/www.ienasaj.com\/wp-content\/uploads\/2020\/04\/servicio-de-respaldo-de-datos-con-seguridad2.jpg\" \/>\n\t<meta property=\"og:image:width\" content=\"1024\" \/>\n\t<meta property=\"og:image:height\" content=\"512\" \/>\n\t<meta property=\"og:image:type\" content=\"image\/jpeg\" \/>\n<meta name=\"twitter:card\" content=\"summary_large_image\" \/>\n<meta name=\"twitter:site\" content=\"@ienasaj\" \/>\n<meta name=\"twitter:label1\" content=\"Tiempo de lectura\" \/>\n\t<meta name=\"twitter:data1\" content=\"2 minutos\" \/>\n<script type=\"application\/ld+json\" class=\"yoast-schema-graph\">{\"@context\":\"https:\/\/schema.org\",\"@graph\":[{\"@type\":\"Organization\",\"@id\":\"http:\/\/www.ienasaj.com\/#organization\",\"name\":\"Inform\u00e1tica Especializada Nasaj\",\"url\":\"http:\/\/www.ienasaj.com\/\",\"sameAs\":[\"https:\/\/www.facebook.com\/informaticaespecializadanasaj\",\"https:\/\/www.instagram.com\/ienasaj\/\",\"https:\/\/www.linkedin.com\/company\/inform\u00e1tica-especializada-nasaj\/\",\"https:\/\/www.youtube.com\/user\/infnasaj\",\"https:\/\/twitter.com\/ienasaj\"],\"logo\":{\"@type\":\"ImageObject\",\"inLanguage\":\"es\",\"@id\":\"http:\/\/www.ienasaj.com\/#\/schema\/logo\/image\/\",\"url\":\"http:\/\/www.ienasaj.com\/wp-content\/uploads\/2020\/12\/logo_ienasaj-erp-nuevo-th.png\",\"contentUrl\":\"http:\/\/www.ienasaj.com\/wp-content\/uploads\/2020\/12\/logo_ienasaj-erp-nuevo-th.png\",\"width\":140,\"height\":47,\"caption\":\"Inform\u00e1tica Especializada Nasaj\"},\"image\":{\"@id\":\"http:\/\/www.ienasaj.com\/#\/schema\/logo\/image\/\"}},{\"@type\":\"WebSite\",\"@id\":\"http:\/\/www.ienasaj.com\/#website\",\"url\":\"http:\/\/www.ienasaj.com\/\",\"name\":\"Inform\u00e1tica Especializada NASAJ\",\"description\":\"Software ERP para gesti\u00f3n empresarial, software y soluciones empresariales latinoamerica\",\"publisher\":{\"@id\":\"http:\/\/www.ienasaj.com\/#organization\"},\"potentialAction\":[{\"@type\":\"SearchAction\",\"target\":{\"@type\":\"EntryPoint\",\"urlTemplate\":\"http:\/\/www.ienasaj.com\/?s={search_term_string}\"},\"query-input\":\"required name=search_term_string\"}],\"inLanguage\":\"es\"},{\"@type\":\"ImageObject\",\"inLanguage\":\"es\",\"@id\":\"http:\/\/www.ienasaj.com\/index.php\/soluciones-de-software\/respaldo-datos-empresariales\/#primaryimage\",\"url\":\"http:\/\/www.ienasaj.com\/wp-content\/uploads\/2020\/04\/servicio-de-respaldo-de-datos-con-seguridad2.jpg\",\"contentUrl\":\"http:\/\/www.ienasaj.com\/wp-content\/uploads\/2020\/04\/servicio-de-respaldo-de-datos-con-seguridad2.jpg\",\"width\":1024,\"height\":512,\"caption\":\"Respaldo de Datos Empresariales\"},{\"@type\":\"WebPage\",\"@id\":\"http:\/\/www.ienasaj.com\/index.php\/soluciones-de-software\/respaldo-datos-empresariales\/#webpage\",\"url\":\"http:\/\/www.ienasaj.com\/index.php\/soluciones-de-software\/respaldo-datos-empresariales\/\",\"name\":\"Respaldo de Datos Empresariales | Inform\u00e1tica Especializada NASAJ\",\"isPartOf\":{\"@id\":\"http:\/\/www.ienasaj.com\/#website\"},\"primaryImageOfPage\":{\"@id\":\"http:\/\/www.ienasaj.com\/index.php\/soluciones-de-software\/respaldo-datos-empresariales\/#primaryimage\"},\"datePublished\":\"2020-12-16T16:46:18+00:00\",\"dateModified\":\"2021-01-28T21:39:38+00:00\",\"description\":\"Respaldo datos empresariales en la nube peque\u00f1a, mediana y gran empresa, para cada tipo de negocio. Contacto +50768687292\",\"breadcrumb\":{\"@id\":\"http:\/\/www.ienasaj.com\/index.php\/soluciones-de-software\/respaldo-datos-empresariales\/#breadcrumb\"},\"inLanguage\":\"es\",\"potentialAction\":[{\"@type\":\"ReadAction\",\"target\":[\"http:\/\/www.ienasaj.com\/index.php\/soluciones-de-software\/respaldo-datos-empresariales\/\"]}]},{\"@type\":\"BreadcrumbList\",\"@id\":\"http:\/\/www.ienasaj.com\/index.php\/soluciones-de-software\/respaldo-datos-empresariales\/#breadcrumb\",\"itemListElement\":[{\"@type\":\"ListItem\",\"position\":1,\"name\":\"Home\",\"item\":\"http:\/\/www.ienasaj.com\/\"},{\"@type\":\"ListItem\",\"position\":2,\"name\":\"Soluciones\",\"item\":\"http:\/\/www.ienasaj.com\/index.php\/soluciones-de-software\/\"},{\"@type\":\"ListItem\",\"position\":3,\"name\":\"Respaldo de Datos Empresariales\"}]}]}<\/script>\n<!-- \/ Yoast SEO plugin. -->","yoast_head_json":{"title":"Respaldo de Datos Empresariales | Inform\u00e1tica Especializada NASAJ","description":"Respaldo datos empresariales en la nube peque\u00f1a, mediana y gran empresa, para cada tipo de negocio. Contacto +50768687292","robots":{"index":"index","follow":"follow","max-snippet":"max-snippet:-1","max-image-preview":"max-image-preview:large","max-video-preview":"max-video-preview:-1"},"canonical":"http:\/\/www.ienasaj.com\/index.php\/soluciones-de-software\/respaldo-datos-empresariales\/","og_locale":"es_ES","og_type":"article","og_title":"Respaldo de Datos Empresariales | Inform\u00e1tica Especializada NASAJ","og_description":"Respaldo datos empresariales en la nube peque\u00f1a, mediana y gran empresa, para cada tipo de negocio. Contacto +50768687292","og_url":"http:\/\/www.ienasaj.com\/index.php\/soluciones-de-software\/respaldo-datos-empresariales\/","og_site_name":"Inform\u00e1tica Especializada NASAJ","article_publisher":"https:\/\/www.facebook.com\/informaticaespecializadanasaj","article_modified_time":"2021-01-28T21:39:38+00:00","og_image":[{"width":1024,"height":512,"url":"http:\/\/www.ienasaj.com\/wp-content\/uploads\/2020\/04\/servicio-de-respaldo-de-datos-con-seguridad2.jpg","type":"image\/jpeg"}],"twitter_card":"summary_large_image","twitter_site":"@ienasaj","twitter_misc":{"Tiempo de lectura":"2 minutos"},"schema":{"@context":"https:\/\/schema.org","@graph":[{"@type":"Organization","@id":"http:\/\/www.ienasaj.com\/#organization","name":"Inform\u00e1tica Especializada Nasaj","url":"http:\/\/www.ienasaj.com\/","sameAs":["https:\/\/www.facebook.com\/informaticaespecializadanasaj","https:\/\/www.instagram.com\/ienasaj\/","https:\/\/www.linkedin.com\/company\/inform\u00e1tica-especializada-nasaj\/","https:\/\/www.youtube.com\/user\/infnasaj","https:\/\/twitter.com\/ienasaj"],"logo":{"@type":"ImageObject","inLanguage":"es","@id":"http:\/\/www.ienasaj.com\/#\/schema\/logo\/image\/","url":"http:\/\/www.ienasaj.com\/wp-content\/uploads\/2020\/12\/logo_ienasaj-erp-nuevo-th.png","contentUrl":"http:\/\/www.ienasaj.com\/wp-content\/uploads\/2020\/12\/logo_ienasaj-erp-nuevo-th.png","width":140,"height":47,"caption":"Inform\u00e1tica Especializada Nasaj"},"image":{"@id":"http:\/\/www.ienasaj.com\/#\/schema\/logo\/image\/"}},{"@type":"WebSite","@id":"http:\/\/www.ienasaj.com\/#website","url":"http:\/\/www.ienasaj.com\/","name":"Inform\u00e1tica Especializada NASAJ","description":"Software ERP para gesti\u00f3n empresarial, software y soluciones empresariales latinoamerica","publisher":{"@id":"http:\/\/www.ienasaj.com\/#organization"},"potentialAction":[{"@type":"SearchAction","target":{"@type":"EntryPoint","urlTemplate":"http:\/\/www.ienasaj.com\/?s={search_term_string}"},"query-input":"required name=search_term_string"}],"inLanguage":"es"},{"@type":"ImageObject","inLanguage":"es","@id":"http:\/\/www.ienasaj.com\/index.php\/soluciones-de-software\/respaldo-datos-empresariales\/#primaryimage","url":"http:\/\/www.ienasaj.com\/wp-content\/uploads\/2020\/04\/servicio-de-respaldo-de-datos-con-seguridad2.jpg","contentUrl":"http:\/\/www.ienasaj.com\/wp-content\/uploads\/2020\/04\/servicio-de-respaldo-de-datos-con-seguridad2.jpg","width":1024,"height":512,"caption":"Respaldo de Datos Empresariales"},{"@type":"WebPage","@id":"http:\/\/www.ienasaj.com\/index.php\/soluciones-de-software\/respaldo-datos-empresariales\/#webpage","url":"http:\/\/www.ienasaj.com\/index.php\/soluciones-de-software\/respaldo-datos-empresariales\/","name":"Respaldo de Datos Empresariales | Inform\u00e1tica Especializada NASAJ","isPartOf":{"@id":"http:\/\/www.ienasaj.com\/#website"},"primaryImageOfPage":{"@id":"http:\/\/www.ienasaj.com\/index.php\/soluciones-de-software\/respaldo-datos-empresariales\/#primaryimage"},"datePublished":"2020-12-16T16:46:18+00:00","dateModified":"2021-01-28T21:39:38+00:00","description":"Respaldo datos empresariales en la nube peque\u00f1a, mediana y gran empresa, para cada tipo de negocio. Contacto +50768687292","breadcrumb":{"@id":"http:\/\/www.ienasaj.com\/index.php\/soluciones-de-software\/respaldo-datos-empresariales\/#breadcrumb"},"inLanguage":"es","potentialAction":[{"@type":"ReadAction","target":["http:\/\/www.ienasaj.com\/index.php\/soluciones-de-software\/respaldo-datos-empresariales\/"]}]},{"@type":"BreadcrumbList","@id":"http:\/\/www.ienasaj.com\/index.php\/soluciones-de-software\/respaldo-datos-empresariales\/#breadcrumb","itemListElement":[{"@type":"ListItem","position":1,"name":"Home","item":"http:\/\/www.ienasaj.com\/"},{"@type":"ListItem","position":2,"name":"Soluciones","item":"http:\/\/www.ienasaj.com\/index.php\/soluciones-de-software\/"},{"@type":"ListItem","position":3,"name":"Respaldo de Datos Empresariales"}]}]}},"_links":{"self":[{"href":"http:\/\/www.ienasaj.com\/index.php\/wp-json\/wp\/v2\/pages\/1706"}],"collection":[{"href":"http:\/\/www.ienasaj.com\/index.php\/wp-json\/wp\/v2\/pages"}],"about":[{"href":"http:\/\/www.ienasaj.com\/index.php\/wp-json\/wp\/v2\/types\/page"}],"author":[{"embeddable":true,"href":"http:\/\/www.ienasaj.com\/index.php\/wp-json\/wp\/v2\/users\/1"}],"replies":[{"embeddable":true,"href":"http:\/\/www.ienasaj.com\/index.php\/wp-json\/wp\/v2\/comments?post=1706"}],"version-history":[{"count":5,"href":"http:\/\/www.ienasaj.com\/index.php\/wp-json\/wp\/v2\/pages\/1706\/revisions"}],"predecessor-version":[{"id":2671,"href":"http:\/\/www.ienasaj.com\/index.php\/wp-json\/wp\/v2\/pages\/1706\/revisions\/2671"}],"up":[{"embeddable":true,"href":"http:\/\/www.ienasaj.com\/index.php\/wp-json\/wp\/v2\/pages\/588"}],"wp:featuredmedia":[{"embeddable":true,"href":"http:\/\/www.ienasaj.com\/index.php\/wp-json\/wp\/v2\/media\/1781"}],"wp:attachment":[{"href":"http:\/\/www.ienasaj.com\/index.php\/wp-json\/wp\/v2\/media?parent=1706"}],"curies":[{"name":"wp","href":"https:\/\/api.w.org\/{rel}","templated":true}]}}