{"id":2322,"date":"2021-01-16T05:53:01","date_gmt":"2021-01-16T05:53:01","guid":{"rendered":"http:\/\/www.ienasaj.com\/?page_id=2322"},"modified":"2021-03-12T10:00:11","modified_gmt":"2021-03-12T16:00:11","slug":"cajas-registradoras-en-panama","status":"publish","type":"page","link":"http:\/\/www.ienasaj.com\/index.php\/cajas-registradoras-en-panama\/","title":{"rendered":"Cajas Registradoras En Panam\u00e1"},"content":{"rendered":"<p>[vc_row][vc_column][vc_row_inner][vc_column_inner width=\u00bb1\/4&#8243;][vc_wp_custommenu nav_menu=\u00bb64&#8243;][\/vc_column_inner][vc_column_inner width=\u00bb3\/4&#8243;][vc_single_image image=\u00bb2311&#8243; img_size=\u00bbfull\u00bb alignment=\u00bbcenter\u00bb style=\u00bbvc_box_rounded\u00bb el_class=\u00bbrounded-three\u00bb css=\u00bb.vc_custom_1610776675012{margin-bottom: 15px !important;}\u00bb][vc_column_text css=\u00bb.vc_custom_1610774906854{margin-bottom: 20px !important;}\u00bb]<\/p>\n<h2>Cajas Registradoras En Panam\u00e1<\/h2>\n<p>[\/vc_column_text][vc_column_text css=\u00bb.vc_custom_1610775368360{margin-bottom: 20px !important;}\u00bb]<\/p>\n<p style=\"text-align: justify;\">Es un aparato mec\u00e1nico o electr\u00f3nico que se utiliza para calcular y registrar las transacciones comerciales, imprime un recibo o factura para el comprador, y lo hace de acuerdo con las disposiciones legales de Panam\u00e1. No requiere tener un computador.<\/p>\n<p style=\"text-align: justify;\">A una caja registradora fiscal o m\u00e1quina fiscal se le pueden anexar dispositivos como: caj\u00f3n o gaveta de dinero para monedas y billetes, visualizador de precios, lectores de c\u00f3digos de barra, balanza, etc.<\/p>\n<p>Actualmente contamos con diferentes modelos de cajas registradoras fiscales:<\/p>\n<h3>Cajas Registradoras, Seg\u00fan Marca y Modelo<\/h3>\n<p><img loading=\"lazy\" class=\"alignnone wp-image-2312\" src=\"http:\/\/www.ienasaj.com\/wp-content\/uploads\/2021\/01\/aclas-registradoras-fiscales.jpg\" alt=\"\" width=\"200\" height=\"187\" \/><img loading=\"lazy\" class=\"alignnone wp-image-2313\" src=\"http:\/\/www.ienasaj.com\/wp-content\/uploads\/2021\/01\/facpos-registradoras-fiscales.jpg\" alt=\"\" width=\"200\" height=\"135\" \/><img loading=\"lazy\" class=\"alignnone wp-image-2314\" src=\"http:\/\/www.ienasaj.com\/wp-content\/uploads\/2021\/01\/quorion-registradoras-fiscales.jpg\" alt=\"\" width=\"200\" height=\"150\" \/>[\/vc_column_text][vc_empty_space height=\u00bb40px\u00bb][\/vc_column_inner][\/vc_row_inner][vc_empty_space][vc_row_inner][vc_column_inner width=\u00bb1\/2&#8243; css=\u00bb.vc_custom_1610770591317{background-color: #ededed !important;border-radius: 15px !important;}\u00bb][vc_column_text]<\/p>\n<h3 style=\"text-align: left;\">Cons\u00faltenos Para Brindarle m\u00e1s Detalles<\/h3>\n<p>[\/vc_column_text][vc_empty_space height=\u00bb20px\u00bb][vc_btn title=\u00bbEscr\u00edbanos por Telegram o Whatsapp +507 6868-7292&#8243; style=\u00bbflat\u00bb shape=\u00bbsquare\u00bb color=\u00bbinfo\u00bb size=\u00bblg\u00bb align=\u00bbcenter\u00bb i_icon_fontawesome=\u00bbfas fa-phone-volume\u00bb css_animation=\u00bbbounceIn\u00bb button_block=\u00bbtrue\u00bb add_icon=\u00bbtrue\u00bb link=\u00bburl:callto%3A50768687292&#8243;][vc_btn title=\u00bbD\u00e9jenos sus datos para contactarle\u00bb style=\u00bbflat\u00bb shape=\u00bbsquare\u00bb color=\u00bbinfo\u00bb size=\u00bblg\u00bb align=\u00bbcenter\u00bb i_icon_fontawesome=\u00bbfas fa-envelope\u00bb css_animation=\u00bbbounceIn\u00bb button_block=\u00bbtrue\u00bb add_icon=\u00bbtrue\u00bb link=\u00bburl:http%3A%2F%2Fienasaj.com%2Findex.php%2Fcontacto%2F|title:Contacto\u00bb][vc_empty_space height=\u00bb50px\u00bb][\/vc_column_inner][vc_column_inner width=\u00bb1\/2&#8243;][vc_column_text]<\/p>\n<h3>CAJAS REGISTRADORAS CR2150<\/h3>\n<p>[\/vc_column_text][vc_column_text]Se ajusta a las regulaciones de ley establecidas por la DGI<\/p>\n<ul>\n<li>Equipo de impresi\u00f3n t\u00e9rmica de calidad<\/li>\n<li>Cuenta con teclado plano y display<\/li>\n<li>Programable manualmente o mediante una PC<\/li>\n<li>Emisi\u00f3n de Facturas, Notas de Cr\u00e9dito, Notas de D\u00e9bito y Documentos No Fiscales (Reportes Z, Reportes X, Cajero, Departamento, PLU e Impuestos)<\/li>\n<li>Medios de pago: Efectivo, cheques, ticket y cr\u00e9dito<\/li>\n<li>36 configuraciones de c\u00f3digos de barras EAN-13<\/li>\n<li>4 cajeros configurables con contrase\u00f1a<\/li>\n<li>Almacenamiento de datos de clientes<\/li>\n<li>12,000 PLU<\/li>\n<li>16 departamentos<\/li>\n<li>4 tasas de impuesto configurables + exento<\/li>\n<\/ul>\n<p>[\/vc_column_text][\/vc_column_inner][\/vc_row_inner][\/vc_column][\/vc_row][vc_row full_width=\u00bbstretch_row\u00bb overlay_dotted=\u00bb\u00bb css=\u00bb.vc_custom_1481544649204{margin-top: 40px !important;}\u00bb][vc_column]<div class=\"krth-cta krth-cta-one cta-cnt-left \"><div class=\"krth-cta-cnt \" ><p><span style=\"color: #ffffff;\"><strong>Servicio al Cliente<\/strong> <span style=\"padding-left: 15px;\">Estamos atentos a los requerimientos de su negocio<\/span><\/span><\/p>\n<\/div><a class=\"krth-btn btn-secondary  vc_custom_1610771723537 btn-medium krth-btn-69e1b5a854251 btn-hover-one btn-icon-left rounded-three \" href=\"http:\/\/www.ienasaj.com\/index.php\/contacto\/\"><span class=\"btn-text\">Cont\u00e1ctenos<\/span><\/a><\/div>[\/vc_column][\/vc_row]<\/p>\n","protected":false},"excerpt":{"rendered":"[vc_row][vc_column][vc_row_inner][vc_column_inner width=\u00bb1\/4&#8243;][vc_wp_custommenu nav_menu=\u00bb64&#8243;][\/vc_column_inner][vc_column_inner width=\u00bb3\/4&#8243;][vc_single_image image=\u00bb2311&#8243; img_size=\u00bbfull\u00bb alignment=\u00bbcenter\u00bb style=\u00bbvc_box_rounded\u00bb el_class=\u00bbrounded-three\u00bb css=\u00bb.vc_custom_1610776675012{margin-bottom: 15px !important;}\u00bb][vc_column_text css=\u00bb.vc_custom_1610774906854{margin-bottom: 20px !important;}\u00bb] Cajas Registradoras En Panam\u00e1 [\/vc_column_text][vc_column_text css=\u00bb.vc_custom_1610775368360{margin-bottom: 20px !important;}\u00bb] Es un aparato mec\u00e1nico o electr\u00f3nico que se utiliza para calcular y registrar las transacciones comerciales, imprime un recibo o factura para el comprador, y lo hace de acuerdo con las disposiciones[&#8230;]","protected":false},"author":1,"featured_media":0,"parent":0,"menu_order":0,"comment_status":"closed","ping_status":"closed","template":"","meta":[],"yoast_head":"<!-- This site is optimized with the Yoast SEO plugin v18.8 - https:\/\/yoast.com\/wordpress\/plugins\/seo\/ -->\n<title>Cajas Registradoras En Panam\u00e1 &bull; Inform\u00e1tica Especializada NASAJ<\/title>\n<meta name=\"description\" content=\"Cajas Registradoras en Panam\u00e1, m\u00e1quinas registradoras fiscales, distribuidor autorizado de cajas aprobadas por la DGI.\" \/>\n<meta name=\"robots\" content=\"index, follow, max-snippet:-1, max-image-preview:large, max-video-preview:-1\" \/>\n<link rel=\"canonical\" href=\"http:\/\/www.ienasaj.com\/index.php\/cajas-registradoras-en-panama\/\" \/>\n<meta property=\"og:locale\" content=\"es_ES\" \/>\n<meta property=\"og:type\" content=\"article\" \/>\n<meta property=\"og:title\" content=\"Cajas Registradoras En Panam\u00e1 &bull; Inform\u00e1tica Especializada NASAJ\" \/>\n<meta property=\"og:description\" content=\"Cajas Registradoras en Panam\u00e1, m\u00e1quinas registradoras fiscales, distribuidor autorizado de cajas aprobadas por la DGI.\" \/>\n<meta property=\"og:url\" content=\"http:\/\/www.ienasaj.com\/index.php\/cajas-registradoras-en-panama\/\" \/>\n<meta property=\"og:site_name\" content=\"Inform\u00e1tica Especializada NASAJ\" \/>\n<meta property=\"article:publisher\" content=\"https:\/\/www.facebook.com\/informaticaespecializadanasaj\" \/>\n<meta property=\"article:modified_time\" content=\"2021-03-12T16:00:11+00:00\" \/>\n<meta property=\"og:image\" content=\"http:\/\/www.ienasaj.com\/wp-content\/uploads\/2021\/01\/aclas-registradoras-fiscales.jpg\" \/>\n<meta name=\"twitter:card\" content=\"summary_large_image\" \/>\n<meta name=\"twitter:site\" content=\"@ienasaj\" \/>\n<meta name=\"twitter:label1\" content=\"Tiempo de lectura\" \/>\n\t<meta name=\"twitter:data1\" content=\"2 minutos\" \/>\n<script type=\"application\/ld+json\" class=\"yoast-schema-graph\">{\"@context\":\"https:\/\/schema.org\",\"@graph\":[{\"@type\":\"Organization\",\"@id\":\"http:\/\/www.ienasaj.com\/#organization\",\"name\":\"Inform\u00e1tica Especializada Nasaj\",\"url\":\"http:\/\/www.ienasaj.com\/\",\"sameAs\":[\"https:\/\/www.facebook.com\/informaticaespecializadanasaj\",\"https:\/\/www.instagram.com\/ienasaj\/\",\"https:\/\/www.linkedin.com\/company\/inform\u00e1tica-especializada-nasaj\/\",\"https:\/\/www.youtube.com\/user\/infnasaj\",\"https:\/\/twitter.com\/ienasaj\"],\"logo\":{\"@type\":\"ImageObject\",\"inLanguage\":\"es\",\"@id\":\"http:\/\/www.ienasaj.com\/#\/schema\/logo\/image\/\",\"url\":\"http:\/\/www.ienasaj.com\/wp-content\/uploads\/2020\/12\/logo_ienasaj-erp-nuevo-th.png\",\"contentUrl\":\"http:\/\/www.ienasaj.com\/wp-content\/uploads\/2020\/12\/logo_ienasaj-erp-nuevo-th.png\",\"width\":140,\"height\":47,\"caption\":\"Inform\u00e1tica Especializada Nasaj\"},\"image\":{\"@id\":\"http:\/\/www.ienasaj.com\/#\/schema\/logo\/image\/\"}},{\"@type\":\"WebSite\",\"@id\":\"http:\/\/www.ienasaj.com\/#website\",\"url\":\"http:\/\/www.ienasaj.com\/\",\"name\":\"Inform\u00e1tica Especializada NASAJ\",\"description\":\"Software ERP para gesti\u00f3n empresarial, software y soluciones empresariales latinoamerica\",\"publisher\":{\"@id\":\"http:\/\/www.ienasaj.com\/#organization\"},\"potentialAction\":[{\"@type\":\"SearchAction\",\"target\":{\"@type\":\"EntryPoint\",\"urlTemplate\":\"http:\/\/www.ienasaj.com\/?s={search_term_string}\"},\"query-input\":\"required name=search_term_string\"}],\"inLanguage\":\"es\"},{\"@type\":\"ImageObject\",\"inLanguage\":\"es\",\"@id\":\"http:\/\/www.ienasaj.com\/index.php\/cajas-registradoras-en-panama\/#primaryimage\",\"url\":\"http:\/\/www.ienasaj.com\/wp-content\/uploads\/2021\/01\/aclas-registradoras-fiscales.jpg\",\"contentUrl\":\"http:\/\/www.ienasaj.com\/wp-content\/uploads\/2021\/01\/aclas-registradoras-fiscales.jpg\",\"width\":300,\"height\":280},{\"@type\":\"WebPage\",\"@id\":\"http:\/\/www.ienasaj.com\/index.php\/cajas-registradoras-en-panama\/#webpage\",\"url\":\"http:\/\/www.ienasaj.com\/index.php\/cajas-registradoras-en-panama\/\",\"name\":\"Cajas Registradoras En Panam\u00e1 &bull; Inform\u00e1tica Especializada NASAJ\",\"isPartOf\":{\"@id\":\"http:\/\/www.ienasaj.com\/#website\"},\"primaryImageOfPage\":{\"@id\":\"http:\/\/www.ienasaj.com\/index.php\/cajas-registradoras-en-panama\/#primaryimage\"},\"datePublished\":\"2021-01-16T05:53:01+00:00\",\"dateModified\":\"2021-03-12T16:00:11+00:00\",\"description\":\"Cajas Registradoras en Panam\u00e1, m\u00e1quinas registradoras fiscales, distribuidor autorizado de cajas aprobadas por la DGI.\",\"breadcrumb\":{\"@id\":\"http:\/\/www.ienasaj.com\/index.php\/cajas-registradoras-en-panama\/#breadcrumb\"},\"inLanguage\":\"es\",\"potentialAction\":[{\"@type\":\"ReadAction\",\"target\":[\"http:\/\/www.ienasaj.com\/index.php\/cajas-registradoras-en-panama\/\"]}]},{\"@type\":\"BreadcrumbList\",\"@id\":\"http:\/\/www.ienasaj.com\/index.php\/cajas-registradoras-en-panama\/#breadcrumb\",\"itemListElement\":[{\"@type\":\"ListItem\",\"position\":1,\"name\":\"Home\",\"item\":\"http:\/\/www.ienasaj.com\/\"},{\"@type\":\"ListItem\",\"position\":2,\"name\":\"Cajas Registradoras En Panam\u00e1\"}]}]}<\/script>\n<!-- \/ Yoast SEO plugin. -->","yoast_head_json":{"title":"Cajas Registradoras En Panam\u00e1 &bull; Inform\u00e1tica Especializada NASAJ","description":"Cajas Registradoras en Panam\u00e1, m\u00e1quinas registradoras fiscales, distribuidor autorizado de cajas aprobadas por la DGI.","robots":{"index":"index","follow":"follow","max-snippet":"max-snippet:-1","max-image-preview":"max-image-preview:large","max-video-preview":"max-video-preview:-1"},"canonical":"http:\/\/www.ienasaj.com\/index.php\/cajas-registradoras-en-panama\/","og_locale":"es_ES","og_type":"article","og_title":"Cajas Registradoras En Panam\u00e1 &bull; Inform\u00e1tica Especializada NASAJ","og_description":"Cajas Registradoras en Panam\u00e1, m\u00e1quinas registradoras fiscales, distribuidor autorizado de cajas aprobadas por la DGI.","og_url":"http:\/\/www.ienasaj.com\/index.php\/cajas-registradoras-en-panama\/","og_site_name":"Inform\u00e1tica Especializada NASAJ","article_publisher":"https:\/\/www.facebook.com\/informaticaespecializadanasaj","article_modified_time":"2021-03-12T16:00:11+00:00","og_image":[{"url":"http:\/\/www.ienasaj.com\/wp-content\/uploads\/2021\/01\/aclas-registradoras-fiscales.jpg"}],"twitter_card":"summary_large_image","twitter_site":"@ienasaj","twitter_misc":{"Tiempo de lectura":"2 minutos"},"schema":{"@context":"https:\/\/schema.org","@graph":[{"@type":"Organization","@id":"http:\/\/www.ienasaj.com\/#organization","name":"Inform\u00e1tica Especializada Nasaj","url":"http:\/\/www.ienasaj.com\/","sameAs":["https:\/\/www.facebook.com\/informaticaespecializadanasaj","https:\/\/www.instagram.com\/ienasaj\/","https:\/\/www.linkedin.com\/company\/inform\u00e1tica-especializada-nasaj\/","https:\/\/www.youtube.com\/user\/infnasaj","https:\/\/twitter.com\/ienasaj"],"logo":{"@type":"ImageObject","inLanguage":"es","@id":"http:\/\/www.ienasaj.com\/#\/schema\/logo\/image\/","url":"http:\/\/www.ienasaj.com\/wp-content\/uploads\/2020\/12\/logo_ienasaj-erp-nuevo-th.png","contentUrl":"http:\/\/www.ienasaj.com\/wp-content\/uploads\/2020\/12\/logo_ienasaj-erp-nuevo-th.png","width":140,"height":47,"caption":"Inform\u00e1tica Especializada Nasaj"},"image":{"@id":"http:\/\/www.ienasaj.com\/#\/schema\/logo\/image\/"}},{"@type":"WebSite","@id":"http:\/\/www.ienasaj.com\/#website","url":"http:\/\/www.ienasaj.com\/","name":"Inform\u00e1tica Especializada NASAJ","description":"Software ERP para gesti\u00f3n empresarial, software y soluciones empresariales latinoamerica","publisher":{"@id":"http:\/\/www.ienasaj.com\/#organization"},"potentialAction":[{"@type":"SearchAction","target":{"@type":"EntryPoint","urlTemplate":"http:\/\/www.ienasaj.com\/?s={search_term_string}"},"query-input":"required name=search_term_string"}],"inLanguage":"es"},{"@type":"ImageObject","inLanguage":"es","@id":"http:\/\/www.ienasaj.com\/index.php\/cajas-registradoras-en-panama\/#primaryimage","url":"http:\/\/www.ienasaj.com\/wp-content\/uploads\/2021\/01\/aclas-registradoras-fiscales.jpg","contentUrl":"http:\/\/www.ienasaj.com\/wp-content\/uploads\/2021\/01\/aclas-registradoras-fiscales.jpg","width":300,"height":280},{"@type":"WebPage","@id":"http:\/\/www.ienasaj.com\/index.php\/cajas-registradoras-en-panama\/#webpage","url":"http:\/\/www.ienasaj.com\/index.php\/cajas-registradoras-en-panama\/","name":"Cajas Registradoras En Panam\u00e1 &bull; Inform\u00e1tica Especializada NASAJ","isPartOf":{"@id":"http:\/\/www.ienasaj.com\/#website"},"primaryImageOfPage":{"@id":"http:\/\/www.ienasaj.com\/index.php\/cajas-registradoras-en-panama\/#primaryimage"},"datePublished":"2021-01-16T05:53:01+00:00","dateModified":"2021-03-12T16:00:11+00:00","description":"Cajas Registradoras en Panam\u00e1, m\u00e1quinas registradoras fiscales, distribuidor autorizado de cajas aprobadas por la DGI.","breadcrumb":{"@id":"http:\/\/www.ienasaj.com\/index.php\/cajas-registradoras-en-panama\/#breadcrumb"},"inLanguage":"es","potentialAction":[{"@type":"ReadAction","target":["http:\/\/www.ienasaj.com\/index.php\/cajas-registradoras-en-panama\/"]}]},{"@type":"BreadcrumbList","@id":"http:\/\/www.ienasaj.com\/index.php\/cajas-registradoras-en-panama\/#breadcrumb","itemListElement":[{"@type":"ListItem","position":1,"name":"Home","item":"http:\/\/www.ienasaj.com\/"},{"@type":"ListItem","position":2,"name":"Cajas Registradoras En Panam\u00e1"}]}]}},"_links":{"self":[{"href":"http:\/\/www.ienasaj.com\/index.php\/wp-json\/wp\/v2\/pages\/2322"}],"collection":[{"href":"http:\/\/www.ienasaj.com\/index.php\/wp-json\/wp\/v2\/pages"}],"about":[{"href":"http:\/\/www.ienasaj.com\/index.php\/wp-json\/wp\/v2\/types\/page"}],"author":[{"embeddable":true,"href":"http:\/\/www.ienasaj.com\/index.php\/wp-json\/wp\/v2\/users\/1"}],"replies":[{"embeddable":true,"href":"http:\/\/www.ienasaj.com\/index.php\/wp-json\/wp\/v2\/comments?post=2322"}],"version-history":[{"count":6,"href":"http:\/\/www.ienasaj.com\/index.php\/wp-json\/wp\/v2\/pages\/2322\/revisions"}],"predecessor-version":[{"id":2818,"href":"http:\/\/www.ienasaj.com\/index.php\/wp-json\/wp\/v2\/pages\/2322\/revisions\/2818"}],"wp:attachment":[{"href":"http:\/\/www.ienasaj.com\/index.php\/wp-json\/wp\/v2\/media?parent=2322"}],"curies":[{"name":"wp","href":"https:\/\/api.w.org\/{rel}","templated":true}]}}