{"id":486,"date":"2016-08-16T06:52:01","date_gmt":"2016-08-16T06:52:01","guid":{"rendered":"http:\/\/kroth:8888\/?page_id=486"},"modified":"2021-01-28T14:03:17","modified_gmt":"2021-01-28T20:03:17","slug":"quienes-somos-empresa-de-software","status":"publish","type":"page","link":"http:\/\/www.ienasaj.com\/index.php\/quienes-somos-empresa-de-software\/","title":{"rendered":"Qui\u00e9nes Somos"},"content":{"rendered":"<p>[vc_row][vc_column][vc_column_text]Inform\u00e1tica Especializada NASAJ es una empresa de software. Desarrollamos para peque\u00f1a y mediana empresa, empresas de tecnolog\u00eda, desarrollo de aplicaciones. Estamos en Costa Rica y somos <a href=\"http:\/\/www.ienasaj.com\/index.php\/distribuidores-del-sistema-erp\/\" target=\"_blank\" rel=\"noopener noreferrer\">Distribuidores del Sistema ERP<\/a> en varios pa\u00edses a nivel latinoamericano. Tenemos presencia tanto en Sudam\u00e9rica como en Centroam\u00e9rica.[\/vc_column_text][\/vc_column][\/vc_row][vc_row][vc_column][vc_row_inner][vc_column_inner width=\u00bb1\/2&#8243;][vc_video link=\u00bbhttps:\/\/youtu.be\/ZxLZYK3wY9Q\u00bb align=\u00bbcenter\u00bb][\/vc_column_inner][vc_column_inner width=\u00bb1\/2&#8243;][vc_column_text css=\u00bb.vc_custom_1611450316676{margin-bottom: 0px !important;}\u00bb]<\/p>\n<h2 style=\"font-size: 22px; margin-bottom: 20px;\">Empresa L\u00edder en Software Empresarial<\/h2>\n<h4>20 a\u00f1os en el Mercado Latino, con el ERP m\u00e1s Confiable de los Empresarios Latinos<\/h4>\n<p class=\"about-text\" style=\"text-align: justify;\">Nos hemos dedicado a construir y proveer soluciones tecnol\u00f3gicas de confianza a peque\u00f1as, medianas y grandes compa\u00f1\u00edas, as\u00ed que ayudamos a que mejoren la ejecuci\u00f3n de actividades relacionadas con la administraci\u00f3n empresarial.<\/p>\n<p class=\"about-text\" style=\"text-align: justify;\">Nuestro producto estrella es SCAD. Es un ERP que gestiona la operaci\u00f3n de las empresas de manera integral y definitiva.<\/p>\n<p>[\/vc_column_text][\/vc_column_inner][\/vc_row_inner][vc_empty_space height=\u00bb40px\u00bb][vc_separator color=\u00bbcustom\u00bb accent_color=\u00bb#e8e8e8&#8243; css=\u00bb.vc_custom_1611179786344{margin-top: 20px !important;margin-bottom: 20px !important;}\u00bb][vc_row_inner][vc_column_inner width=\u00bb1\/2&#8243;][vc_column_text css=\u00bb.vc_custom_1611450384298{margin-bottom: 0px !important;}\u00bb]<\/p>\n<h2 style=\"font-size: 22px; margin-bottom: 20px;\">En Panam\u00e1, somos Impacto Estrat\u00e9gico<\/h2>\n<h4><img loading=\"lazy\" class=\"wp-image-2516 size-medium aligncenter\" src=\"http:\/\/www.ienasaj.com\/wp-content\/uploads\/2021\/01\/logo-impacto-estrategico-300x82.png\" alt=\"\" width=\"300\" height=\"82\" srcset=\"http:\/\/www.ienasaj.com\/wp-content\/uploads\/2021\/01\/logo-impacto-estrategico-300x82.png 300w, http:\/\/www.ienasaj.com\/wp-content\/uploads\/2021\/01\/logo-impacto-estrategico.png 500w\" sizes=\"(max-width: 300px) 100vw, 300px\" \/><\/h4>\n<h4>Aliado tecnol\u00f3gico de los empresarios y emprendimientos en Panam\u00e1<\/h4>\n<p class=\"about-text\" style=\"text-align: justify;\">Desde 2007, Impacto Estrat\u00e9gico se ha convertido en el aliado tecnol\u00f3gico de cientos de empresarios en Panam\u00e1 y en pa\u00edses cercanos de la regi\u00f3n. Cuenta con m\u00e1s de una d\u00e9cada de experiencia en servicios y de ser proveedores de confianza de software y equipos que facilitan la gesti\u00f3n empresarial.<\/p>\n<p style=\"text-align: justify;\"><strong>Software administrativo y para facturaci\u00f3n electr\u00f3nica y fiscal.<\/strong> Programas certificados, basados en plataformas robustas de m\u00e1s de 20 a\u00f1os de desarrollo y funcionamiento en compa\u00f1\u00edas de Am\u00e9rica Latina. Nuestros<br \/>\nprogramas facilitan la operaci\u00f3n de la compa\u00f1\u00eda y su relaci\u00f3n de impuestos al d\u00eda con la DGI.<\/p>\n<p style=\"text-align: justify;\">Equipos fiscales: impresoras y cajas registradoras. Contamos con las marcas m\u00e1s reconocidas, funcionales y aprobadas por la DGI para facilitar el proceso de reporte transaccional.<\/p>\n<p>[\/vc_column_text][\/vc_column_inner][vc_column_inner width=\u00bb1\/2&#8243;][vc_video link=\u00bbhttps:\/\/www.youtube.com\/watch?v=LU08h6wTYlM\u00bb align=\u00bbcenter\u00bb][\/vc_column_inner][\/vc_row_inner][vc_empty_space height=\u00bb40px\u00bb][vc_row_inner][vc_column_inner][vc_empty_space height=\u00bb15px\u00bb][vc_separator color=\u00bbcustom\u00bb accent_color=\u00bb#e8e8e8&#8243; css=\u00bb.vc_custom_1471330308205{margin-top: 20px !important;margin-bottom: 30px !important;}\u00bb][\/vc_column_inner][\/vc_row_inner][vc_row_inner][vc_column_inner width=\u00bb1\/2&#8243;][vc_empty_space height=\u00bb10px\u00bb][vc_column_text]<blockquote class=\"blockquote-two  krth-blockquote-69f892309c33b\">Contamos con clientes en m\u00e1s de 7 pa\u00edses, con licencias activas y creciendo con nuestra soluci\u00f3n ERP. <\/blockquote>[\/vc_column_text][\/vc_column_inner][vc_column_inner width=\u00bb1\/2&#8243;]<div class=\"krth-counter-two \"><div class=\"counter-values\"><div class=\"cvalues\" style=\"\">7<\/div><div class=\"cvalue-in\" style=\"\">Pa\u00edses<\/div><\/div><div class=\"counter-label\" style=\"\">usuarios de nuestras soluciones<\/div><\/div><div class=\"krth-counter-two \"><div class=\"counter-values\"><div class=\"cvalues\" style=\"\">20<\/div><div class=\"cvalue-in\" style=\"\">A\u00f1os<\/div><\/div><div class=\"counter-label\" style=\"\">en el Mercado<\/div><\/div><div class=\"krth-counter-two \"><div class=\"counter-values\"><div class=\"cvalues\" style=\"\">18<\/div><div class=\"cvalue-in\" style=\"\">Componentes<\/div><\/div><div class=\"counter-label\" style=\"\">Integrales del ERP SCAD<\/div><\/div><div class=\"krth-counter-two \"><div class=\"counter-values\"><div class=\"cvalues\" style=\"\">400<\/div><div class=\"cvalue-in\" style=\"\">Licencias<\/div><\/div><div class=\"counter-label\" style=\"\">Activas<\/div><\/div>[\/vc_column_inner][\/vc_row_inner][vc_row_inner][vc_column_inner][vc_separator color=\u00bbcustom\u00bb accent_color=\u00bb#e8e8e8&#8243; css=\u00bb.vc_custom_1471331569106{margin-top: 20px !important;margin-bottom: 20px !important;}\u00bb][vc_column_text]<\/p>\n<h3 style=\"display: inline-block;\">\u00bfPor qu\u00e9 elegirnos?<\/h3>\n<p>[\/vc_column_text][\/vc_column_inner][\/vc_row_inner][vc_row_inner][vc_column_inner width=\u00bb1\/2&#8243;]<div class=\"krth-service-two\"><div class=\"service-icon\"><i class=\"icon-badge\"><\/i><\/div><div class=\"services-content\"><h3 class=\"service-heading\" style=\"\">Soluciones Valiosas<\/h3><p>Nuestra plataforma central, ERP, ha demostrado su versatilidad en uso y econom\u00eda para las Pymes.<\/p>\n<\/div><\/div><div class=\"krth-service-two\"><div class=\"service-icon\"><i class=\"fa fa-desktop\"><\/i><\/div><div class=\"services-content\"><h3 class=\"service-heading\" style=\"\">Casa De Software<\/h3><p>Creamos el software que comercializamos, as\u00ed que estamos en capacidad de brindar amplio soporte, personalizaci\u00f3n y gu\u00edas de uso.<\/p>\n<\/div><\/div>[\/vc_column_inner][vc_column_inner width=\u00bb1\/2&#8243;]<div class=\"krth-service-two\"><div class=\"service-icon\"><i class=\"fa fa-building\"><\/i><\/div><div class=\"services-content\"><h3 class=\"service-heading\" style=\"\">Ideales Para Pymes<\/h3><p>La escalabilidad, funcionamiento por componentes, estabilidad y respaldo, hacen que SCAD ERP sea la soluci\u00f3n preferida por peque\u00f1as, medianas y grandes empresas.<\/p>\n<\/div><\/div><div class=\"krth-service-two\"><div class=\"service-icon\"><i class=\"fa fa-map-o\"><\/i><\/div><div class=\"services-content\"><h3 class=\"service-heading\" style=\"\">Para Todos Los Pa\u00edses<\/h3><p>Este ERP en espa\u00f1ol funciona en contextos econ\u00f3micos y socioculturales diversos, como lo confirman sus cientos de usuarios en Centro y Latinoam\u00e9rica.<\/p>\n<\/div><\/div>[\/vc_column_inner][\/vc_row_inner][\/vc_column][\/vc_row][vc_row][vc_column][vc_text_separator][\/vc_column][\/vc_row][vc_row][vc_column][vc_column_text]<strong>Encuentra las Mejores soluciones<\/strong> en <a href=\"http:\/\/www.ienasaj.com\/index.php\/soluciones\/software-erp-espanol\/\" target=\"_blank\" rel=\"noopener noreferrer\"><strong>Software Administrativo Empresarial<\/strong><\/a>, <a href=\"http:\/\/www.ienasaj.com\/index.php\/soluciones\/facturacion-electronica\/\" target=\"_blank\" rel=\"noopener noreferrer\"><strong>Factura Electr\u00f3nica para Colombia y Costa Rica<\/strong><\/a>, <a href=\"http:\/\/www.ienasaj.com\/index.php\/soluciones\/impresora-fiscal-y-software-en-panama\/\" target=\"_blank\" rel=\"noopener noreferrer\"><strong>Impresora Fiscal en Panam\u00e1<\/strong><\/a> y <a href=\"http:\/\/www.ienasaj.com\/index.php\/soluciones\/software-administrativo-android\/\" target=\"_blank\" rel=\"noopener noreferrer\"><strong>Software Administrativo para m\u00f3viles<\/strong><\/a>. Sigue nuestra <strong><a href=\"https:\/\/www.facebook.com\/informaticaespecializadanasaj\/\" target=\"_blank\" rel=\"noopener noreferrer\">p\u00e1gina en Facebook<\/a><\/strong> y nuestra <a href=\"https:\/\/www.instagram.com\/informaticaespecializada\/\" target=\"_blank\" rel=\"noopener noreferrer\"><strong>cuenta en Instagram<\/strong><\/a>.[\/vc_column_text][\/vc_column][\/vc_row][vc_row full_width=\u00bbstretch_row\u00bb overlay_dotted=\u00bb\u00bb css=\u00bb.vc_custom_1608834300399{margin-top: 65px !important;background-color: #f67003 !important;}\u00bb][vc_column]<div class=\"krth-cta krth-cta-one cta-cnt-left \"><div class=\"krth-cta-cnt \" ><p><span style=\"color: #ffffff;\"><strong>Servicio al Cliente<\/strong> <span style=\"padding-left: 15px;\">Estamos a un clic de distancia.<\/span><\/span><\/p>\n<\/div><a class=\"krth-btn btn-secondary  vc_custom_1608778164447 btn-medium krth-btn-69f892309c6a8 btn-hover-one btn-icon-left rounded-three \" href=\"#0\"><span class=\"btn-text\">Cont\u00e1ctanos<\/span><\/a><\/div>[\/vc_column][\/vc_row]<\/p>\n","protected":false},"excerpt":{"rendered":"[vc_row][vc_column][vc_column_text]Inform\u00e1tica Especializada NASAJ es una empresa de software. Desarrollamos para peque\u00f1a y mediana empresa, empresas de tecnolog\u00eda, desarrollo de aplicaciones. Estamos en Costa Rica y somos Distribuidores del Sistema ERP en varios pa\u00edses a nivel latinoamericano. Tenemos presencia tanto en Sudam\u00e9rica como en Centroam\u00e9rica.[\/vc_column_text][\/vc_column][\/vc_row][vc_row][vc_column][vc_row_inner][vc_column_inner width=\u00bb1\/2&#8243;][vc_video link=\u00bbhttps:\/\/youtu.be\/ZxLZYK3wY9Q\u00bb align=\u00bbcenter\u00bb][\/vc_column_inner][vc_column_inner width=\u00bb1\/2&#8243;][vc_column_text css=\u00bb.vc_custom_1611450316676{margin-bottom: 0px !important;}\u00bb] Empresa L\u00edder en Software[&#8230;]","protected":false},"author":1,"featured_media":2359,"parent":0,"menu_order":5,"comment_status":"closed","ping_status":"closed","template":"","meta":[],"yoast_head":"<!-- This site is optimized with the Yoast SEO plugin v18.8 - https:\/\/yoast.com\/wordpress\/plugins\/seo\/ -->\n<title>\u00bfQui\u00e9nes somos? Empresa de software | Inform\u00e1tica Especializada NASAJ<\/title>\n<meta name=\"description\" content=\"Empresa de software. Desarrollamos para peque\u00f1a y mediana empresa, empresas de tecnolog\u00eda, desarrollo de aplicaciones. Costa Rica.\" \/>\n<meta name=\"robots\" content=\"index, follow, max-snippet:-1, max-image-preview:large, max-video-preview:-1\" \/>\n<link rel=\"canonical\" href=\"http:\/\/www.ienasaj.com\/index.php\/quienes-somos-empresa-de-software\/\" \/>\n<meta property=\"og:locale\" content=\"es_ES\" \/>\n<meta property=\"og:type\" content=\"article\" \/>\n<meta property=\"og:title\" content=\"\u00bfQui\u00e9nes somos? Empresa de software | Inform\u00e1tica Especializada NASAJ\" \/>\n<meta property=\"og:description\" content=\"Empresa de software. Desarrollamos para peque\u00f1a y mediana empresa, empresas de tecnolog\u00eda, desarrollo de aplicaciones. Costa Rica.\" \/>\n<meta property=\"og:url\" content=\"http:\/\/www.ienasaj.com\/index.php\/quienes-somos-empresa-de-software\/\" \/>\n<meta property=\"og:site_name\" content=\"Inform\u00e1tica Especializada NASAJ\" \/>\n<meta property=\"article:publisher\" content=\"https:\/\/www.facebook.com\/informaticaespecializadanasaj\" \/>\n<meta property=\"article:modified_time\" content=\"2021-01-28T20:03:17+00:00\" \/>\n<meta property=\"og:image\" content=\"http:\/\/www.ienasaj.com\/wp-content\/uploads\/2021\/01\/slider_3.jpg\" \/>\n\t<meta property=\"og:image:width\" content=\"1920\" \/>\n\t<meta property=\"og:image:height\" content=\"668\" \/>\n\t<meta property=\"og:image:type\" content=\"image\/jpeg\" \/>\n<meta name=\"twitter:card\" content=\"summary_large_image\" \/>\n<meta name=\"twitter:site\" content=\"@ienasaj\" \/>\n<meta name=\"twitter:label1\" content=\"Tiempo de lectura\" \/>\n\t<meta name=\"twitter:data1\" content=\"3 minutos\" \/>\n<script type=\"application\/ld+json\" class=\"yoast-schema-graph\">{\"@context\":\"https:\/\/schema.org\",\"@graph\":[{\"@type\":\"Organization\",\"@id\":\"http:\/\/www.ienasaj.com\/#organization\",\"name\":\"Inform\u00e1tica Especializada Nasaj\",\"url\":\"http:\/\/www.ienasaj.com\/\",\"sameAs\":[\"https:\/\/www.facebook.com\/informaticaespecializadanasaj\",\"https:\/\/www.instagram.com\/ienasaj\/\",\"https:\/\/www.linkedin.com\/company\/inform\u00e1tica-especializada-nasaj\/\",\"https:\/\/www.youtube.com\/user\/infnasaj\",\"https:\/\/twitter.com\/ienasaj\"],\"logo\":{\"@type\":\"ImageObject\",\"inLanguage\":\"es\",\"@id\":\"http:\/\/www.ienasaj.com\/#\/schema\/logo\/image\/\",\"url\":\"http:\/\/www.ienasaj.com\/wp-content\/uploads\/2020\/12\/logo_ienasaj-erp-nuevo-th.png\",\"contentUrl\":\"http:\/\/www.ienasaj.com\/wp-content\/uploads\/2020\/12\/logo_ienasaj-erp-nuevo-th.png\",\"width\":140,\"height\":47,\"caption\":\"Inform\u00e1tica Especializada Nasaj\"},\"image\":{\"@id\":\"http:\/\/www.ienasaj.com\/#\/schema\/logo\/image\/\"}},{\"@type\":\"WebSite\",\"@id\":\"http:\/\/www.ienasaj.com\/#website\",\"url\":\"http:\/\/www.ienasaj.com\/\",\"name\":\"Inform\u00e1tica Especializada NASAJ\",\"description\":\"Software ERP para gesti\u00f3n empresarial, software y soluciones empresariales latinoamerica\",\"publisher\":{\"@id\":\"http:\/\/www.ienasaj.com\/#organization\"},\"potentialAction\":[{\"@type\":\"SearchAction\",\"target\":{\"@type\":\"EntryPoint\",\"urlTemplate\":\"http:\/\/www.ienasaj.com\/?s={search_term_string}\"},\"query-input\":\"required name=search_term_string\"}],\"inLanguage\":\"es\"},{\"@type\":\"ImageObject\",\"inLanguage\":\"es\",\"@id\":\"http:\/\/www.ienasaj.com\/index.php\/quienes-somos-empresa-de-software\/#primaryimage\",\"url\":\"http:\/\/www.ienasaj.com\/wp-content\/uploads\/2021\/01\/slider_3.jpg\",\"contentUrl\":\"http:\/\/www.ienasaj.com\/wp-content\/uploads\/2021\/01\/slider_3.jpg\",\"width\":1920,\"height\":668,\"caption\":\"Empresa de Software\"},{\"@type\":\"WebPage\",\"@id\":\"http:\/\/www.ienasaj.com\/index.php\/quienes-somos-empresa-de-software\/#webpage\",\"url\":\"http:\/\/www.ienasaj.com\/index.php\/quienes-somos-empresa-de-software\/\",\"name\":\"\u00bfQui\u00e9nes somos? Empresa de software | Inform\u00e1tica Especializada NASAJ\",\"isPartOf\":{\"@id\":\"http:\/\/www.ienasaj.com\/#website\"},\"primaryImageOfPage\":{\"@id\":\"http:\/\/www.ienasaj.com\/index.php\/quienes-somos-empresa-de-software\/#primaryimage\"},\"datePublished\":\"2016-08-16T06:52:01+00:00\",\"dateModified\":\"2021-01-28T20:03:17+00:00\",\"description\":\"Empresa de software. Desarrollamos para peque\u00f1a y mediana empresa, empresas de tecnolog\u00eda, desarrollo de aplicaciones. Costa Rica.\",\"breadcrumb\":{\"@id\":\"http:\/\/www.ienasaj.com\/index.php\/quienes-somos-empresa-de-software\/#breadcrumb\"},\"inLanguage\":\"es\",\"potentialAction\":[{\"@type\":\"ReadAction\",\"target\":[\"http:\/\/www.ienasaj.com\/index.php\/quienes-somos-empresa-de-software\/\"]}]},{\"@type\":\"BreadcrumbList\",\"@id\":\"http:\/\/www.ienasaj.com\/index.php\/quienes-somos-empresa-de-software\/#breadcrumb\",\"itemListElement\":[{\"@type\":\"ListItem\",\"position\":1,\"name\":\"Home\",\"item\":\"http:\/\/www.ienasaj.com\/\"},{\"@type\":\"ListItem\",\"position\":2,\"name\":\"Qui\u00e9nes Somos\"}]}]}<\/script>\n<!-- \/ Yoast SEO plugin. -->","yoast_head_json":{"title":"\u00bfQui\u00e9nes somos? Empresa de software | Inform\u00e1tica Especializada NASAJ","description":"Empresa de software. Desarrollamos para peque\u00f1a y mediana empresa, empresas de tecnolog\u00eda, desarrollo de aplicaciones. Costa Rica.","robots":{"index":"index","follow":"follow","max-snippet":"max-snippet:-1","max-image-preview":"max-image-preview:large","max-video-preview":"max-video-preview:-1"},"canonical":"http:\/\/www.ienasaj.com\/index.php\/quienes-somos-empresa-de-software\/","og_locale":"es_ES","og_type":"article","og_title":"\u00bfQui\u00e9nes somos? Empresa de software | Inform\u00e1tica Especializada NASAJ","og_description":"Empresa de software. Desarrollamos para peque\u00f1a y mediana empresa, empresas de tecnolog\u00eda, desarrollo de aplicaciones. Costa Rica.","og_url":"http:\/\/www.ienasaj.com\/index.php\/quienes-somos-empresa-de-software\/","og_site_name":"Inform\u00e1tica Especializada NASAJ","article_publisher":"https:\/\/www.facebook.com\/informaticaespecializadanasaj","article_modified_time":"2021-01-28T20:03:17+00:00","og_image":[{"width":1920,"height":668,"url":"http:\/\/www.ienasaj.com\/wp-content\/uploads\/2021\/01\/slider_3.jpg","type":"image\/jpeg"}],"twitter_card":"summary_large_image","twitter_site":"@ienasaj","twitter_misc":{"Tiempo de lectura":"3 minutos"},"schema":{"@context":"https:\/\/schema.org","@graph":[{"@type":"Organization","@id":"http:\/\/www.ienasaj.com\/#organization","name":"Inform\u00e1tica Especializada Nasaj","url":"http:\/\/www.ienasaj.com\/","sameAs":["https:\/\/www.facebook.com\/informaticaespecializadanasaj","https:\/\/www.instagram.com\/ienasaj\/","https:\/\/www.linkedin.com\/company\/inform\u00e1tica-especializada-nasaj\/","https:\/\/www.youtube.com\/user\/infnasaj","https:\/\/twitter.com\/ienasaj"],"logo":{"@type":"ImageObject","inLanguage":"es","@id":"http:\/\/www.ienasaj.com\/#\/schema\/logo\/image\/","url":"http:\/\/www.ienasaj.com\/wp-content\/uploads\/2020\/12\/logo_ienasaj-erp-nuevo-th.png","contentUrl":"http:\/\/www.ienasaj.com\/wp-content\/uploads\/2020\/12\/logo_ienasaj-erp-nuevo-th.png","width":140,"height":47,"caption":"Inform\u00e1tica Especializada Nasaj"},"image":{"@id":"http:\/\/www.ienasaj.com\/#\/schema\/logo\/image\/"}},{"@type":"WebSite","@id":"http:\/\/www.ienasaj.com\/#website","url":"http:\/\/www.ienasaj.com\/","name":"Inform\u00e1tica Especializada NASAJ","description":"Software ERP para gesti\u00f3n empresarial, software y soluciones empresariales latinoamerica","publisher":{"@id":"http:\/\/www.ienasaj.com\/#organization"},"potentialAction":[{"@type":"SearchAction","target":{"@type":"EntryPoint","urlTemplate":"http:\/\/www.ienasaj.com\/?s={search_term_string}"},"query-input":"required name=search_term_string"}],"inLanguage":"es"},{"@type":"ImageObject","inLanguage":"es","@id":"http:\/\/www.ienasaj.com\/index.php\/quienes-somos-empresa-de-software\/#primaryimage","url":"http:\/\/www.ienasaj.com\/wp-content\/uploads\/2021\/01\/slider_3.jpg","contentUrl":"http:\/\/www.ienasaj.com\/wp-content\/uploads\/2021\/01\/slider_3.jpg","width":1920,"height":668,"caption":"Empresa de Software"},{"@type":"WebPage","@id":"http:\/\/www.ienasaj.com\/index.php\/quienes-somos-empresa-de-software\/#webpage","url":"http:\/\/www.ienasaj.com\/index.php\/quienes-somos-empresa-de-software\/","name":"\u00bfQui\u00e9nes somos? Empresa de software | Inform\u00e1tica Especializada NASAJ","isPartOf":{"@id":"http:\/\/www.ienasaj.com\/#website"},"primaryImageOfPage":{"@id":"http:\/\/www.ienasaj.com\/index.php\/quienes-somos-empresa-de-software\/#primaryimage"},"datePublished":"2016-08-16T06:52:01+00:00","dateModified":"2021-01-28T20:03:17+00:00","description":"Empresa de software. Desarrollamos para peque\u00f1a y mediana empresa, empresas de tecnolog\u00eda, desarrollo de aplicaciones. Costa Rica.","breadcrumb":{"@id":"http:\/\/www.ienasaj.com\/index.php\/quienes-somos-empresa-de-software\/#breadcrumb"},"inLanguage":"es","potentialAction":[{"@type":"ReadAction","target":["http:\/\/www.ienasaj.com\/index.php\/quienes-somos-empresa-de-software\/"]}]},{"@type":"BreadcrumbList","@id":"http:\/\/www.ienasaj.com\/index.php\/quienes-somos-empresa-de-software\/#breadcrumb","itemListElement":[{"@type":"ListItem","position":1,"name":"Home","item":"http:\/\/www.ienasaj.com\/"},{"@type":"ListItem","position":2,"name":"Qui\u00e9nes Somos"}]}]}},"_links":{"self":[{"href":"http:\/\/www.ienasaj.com\/index.php\/wp-json\/wp\/v2\/pages\/486"}],"collection":[{"href":"http:\/\/www.ienasaj.com\/index.php\/wp-json\/wp\/v2\/pages"}],"about":[{"href":"http:\/\/www.ienasaj.com\/index.php\/wp-json\/wp\/v2\/types\/page"}],"author":[{"embeddable":true,"href":"http:\/\/www.ienasaj.com\/index.php\/wp-json\/wp\/v2\/users\/1"}],"replies":[{"embeddable":true,"href":"http:\/\/www.ienasaj.com\/index.php\/wp-json\/wp\/v2\/comments?post=486"}],"version-history":[{"count":37,"href":"http:\/\/www.ienasaj.com\/index.php\/wp-json\/wp\/v2\/pages\/486\/revisions"}],"predecessor-version":[{"id":2656,"href":"http:\/\/www.ienasaj.com\/index.php\/wp-json\/wp\/v2\/pages\/486\/revisions\/2656"}],"wp:featuredmedia":[{"embeddable":true,"href":"http:\/\/www.ienasaj.com\/index.php\/wp-json\/wp\/v2\/media\/2359"}],"wp:attachment":[{"href":"http:\/\/www.ienasaj.com\/index.php\/wp-json\/wp\/v2\/media?parent=486"}],"curies":[{"name":"wp","href":"https:\/\/api.w.org\/{rel}","templated":true}]}}