{"id":625,"date":"2016-08-16T13:22:58","date_gmt":"2016-08-16T13:22:58","guid":{"rendered":"http:\/\/kroth:8888\/?page_id=625"},"modified":"2021-01-28T12:57:11","modified_gmt":"2021-01-28T18:57:11","slug":"contacto","status":"publish","type":"page","link":"http:\/\/www.ienasaj.com\/index.php\/contacto\/","title":{"rendered":"Contacto"},"content":{"rendered":"<p>[vc_row][vc_column][vc_column_text]Contacto de Inform\u00e1tica Especializada NASAJ, Empresa de Software administrativo para peque\u00f1a, mediana y gran empresa, para cada tipo de negocio.[\/vc_column_text][\/vc_column][\/vc_row][vc_row][vc_column width=\u00bb1\/2&#8243;][vc_column_text css=\u00bb.vc_custom_1611860229757{margin-bottom: 20px !important;}\u00bb]<\/p>\n<h2 class=\"module-title\"><span class=\"title-left\">Contacto &#8211; Estamos<\/span>\u00a0Para Servirte<\/h2>\n<p style=\"text-align: justify;\">Llevamos m\u00e1s de 20 a\u00f1os como aliados tecnol\u00f3gicos de peque\u00f1as, medianas y grandes empresas en toda Am\u00e9rica Latina. Escr\u00edbenos o cont\u00e1ctanos a trav\u00e9s de un representante en tu pa\u00eds para brindarte soluciones que se adapten a tus necesidades.<\/p>\n<h5>LatinoAm\u00e9rica<\/h5>\n<div class=\"col-content\">\n<p><a class=\"highlight\" href=\"tel:+17865573143\">+1 786 557 3143<\/a><\/p>\n<\/div>\n<h5>Costa Rica<\/h5>\n<div class=\"col-content\"><a href=\"https:\/\/api.whatsapp.com\/send?phone=50624409696\">+506 2440 9696<\/a><\/div>\n<h5>Panam\u00e1<\/h5>\n<div class=\"col-content\"><a href=\"https:\/\/api.whatsapp.com\/send?phone=50768687292\">+507 6868 7292<\/a><\/div>\n<div><\/div>\n<div>\n<h5>Colombia<\/h5>\n<p><a href=\"tel:+573177384993\">+57 317 738 4993<\/a><\/p>\n<\/div>\n<div>\n<h5>Escr\u00edbenos@\u00a0<span id=\"cloak16aad76a6abe6a8b243622d7dee07493\"><a href=\"mailto:ventas@ienasaj.com\">Ventas@Ienasaj.Com<\/a><\/span><\/h5>\n<h5>S\u00edguenos En:<\/h5>\n<div class=\"social-media\"><a href=\"https:\/\/www.facebook.com\/informaticaespecializadanasaj\/\" target=\"_blank\" rel=\"noopener noreferrer\">Facebook<\/a><\/div>\n<div class=\"social-media\"><a href=\"http:\/\/instagram.com\/informaticaespecializada\" target=\"_blank\" rel=\"noopener noreferrer\">Instagram<\/a><\/div>\n<\/div>\n<p>[\/vc_column_text][\/vc_column][vc_column width=\u00bb1\/2&#8243;][vc_single_image image=\u00bb2525&#8243; img_size=\u00bbfull\u00bb alignment=\u00bbcenter\u00bb css_animation=\u00bbbounceIn\u00bb][\/vc_column][\/vc_row][vc_row][vc_column][vc_column_text]<\/p>\n<div class=\"vc_row wpb_row vc_row-fluid krth-dhav-dotted\">\n<div class=\"wpb_column vc_column_container text-left vc_col-sm-12\">\n<div class=\"vc_column-inner\">\n<div class=\"wpb_wrapper\">\n<div class=\"wpb_text_column wpb_content_element \">\n<div class=\"wpb_wrapper\">\n<p>Inform\u00e1tica Especializada NASAJ es una empresa de software. Desarrollamos para peque\u00f1a y mediana empresa, empresas de tecnolog\u00eda, desarrollo de aplicaciones. Estamos en Costa Rica y somos\u00a0<a href=\"http:\/\/www.ienasaj.com\/index.php\/distribuidores-del-sistema-erp\/\" target=\"_blank\" rel=\"noopener noreferrer\">Distribuidores del Sistema ERP<\/a> en varios pa\u00edses a nivel latinoamericano. Tenemos presencia tanto en Sudam\u00e9rica como en Centroam\u00e9rica.<\/p>\n<\/div>\n<\/div>\n<\/div>\n<\/div>\n<\/div>\n<\/div>\n<p>[\/vc_column_text][\/vc_column][\/vc_row][vc_row][vc_column][vc_column_text]<\/p>\n<h2>Soluciones<\/h2>\n<h3><a href=\"http:\/\/www.ienasaj.com\/index.php\/soluciones-de-software\/software-erp-espanol\/\" target=\"_blank\" rel=\"noopener noreferrer\">Software ERP SCAD<\/a><\/h3>\n<p>El Software ERP SCAD es un sistema de gesti\u00f3n que combina el trabajo de todas las \u00e1reas de la empresa. Este completo sistema de gesti\u00f3n ERP hace f\u00e1cil la planificaci\u00f3n de recursos. Se encarga de distintas operaciones internas de tu empresa: desde producci\u00f3n, inventario, contabilidad, distribuci\u00f3n, recursos humanos, logrando automatizaci\u00f3n de procesos.<\/p>\n<h3><a href=\"http:\/\/www.ienasaj.com\/index.php\/soluciones-de-software\/software-administrativo-para-moviles-android\/\" target=\"_blank\" rel=\"noopener noreferrer\">Software Administrativo para M\u00f3viles Android<\/a><\/h3>\n<p>SCAD ahora cuenta con una versi\u00f3n Software Administrativo para M\u00f3viles (TABLETAS, TEL\u00c9FONOS INTELIGENTES), para realizar todas las operaciones como si fuera una estaci\u00f3n m\u00e1s de trabajo en su empresa.<\/p>\n<h3><a href=\"http:\/\/www.ienasaj.com\/index.php\/soluciones-de-software\/facturacion-electronica\/\" target=\"_blank\" rel=\"noopener noreferrer\">Facturaci\u00f3n Electr\u00f3nica<\/a><\/h3>\n<p>Es un sistema modular que funciona en integraci\u00f3n o independiente de SCAD ERP. As\u00ed logra que el proceso de adaptaci\u00f3n de su empresa a este requerimiento sea muy f\u00e1cil. Son varios los pa\u00edses que de Latinoam\u00e9rica que han incorporado este tipo de facturaci\u00f3n en sus procesos fiscales.[\/vc_column_text][\/vc_column][\/vc_row][vc_row][vc_column][vc_column_text]<strong>Encuentra las Mejores soluciones<\/strong> en <a href=\"http:\/\/www.ienasaj.com\/index.php\/soluciones\/software-erp-espanol\/\" target=\"_blank\" rel=\"noopener noreferrer\"><strong>Software Administrativo Empresarial<\/strong><\/a>, <a href=\"http:\/\/www.ienasaj.com\/index.php\/soluciones\/facturacion-electronica\/\" target=\"_blank\" rel=\"noopener noreferrer\"><strong>Factura Electr\u00f3nica para Colombia y Costa Rica<\/strong><\/a>, <a href=\"http:\/\/www.ienasaj.com\/index.php\/soluciones\/impresora-fiscal-y-software-en-panama\/\" target=\"_blank\" rel=\"noopener noreferrer\"><strong>Impresora Fiscal en Panam\u00e1<\/strong><\/a> y <a href=\"http:\/\/www.ienasaj.com\/index.php\/soluciones\/software-administrativo-android\/\" target=\"_blank\" rel=\"noopener noreferrer\"><strong>Software Administrativo para m\u00f3viles<\/strong><\/a>. Sigue nuestra <strong><a href=\"https:\/\/www.facebook.com\/informaticaespecializadanasaj\/\" target=\"_blank\" rel=\"noopener noreferrer\">p\u00e1gina en Facebook<\/a><\/strong> y nuestra <a href=\"https:\/\/www.instagram.com\/informaticaespecializada\/\" target=\"_blank\" rel=\"noopener noreferrer\"><strong>cuenta en Instagram<\/strong><\/a>.[\/vc_column_text][\/vc_column][\/vc_row]<\/p>\n","protected":false},"excerpt":{"rendered":"[vc_row][vc_column][vc_column_text]Contacto de Inform\u00e1tica Especializada NASAJ, Empresa de Software administrativo para peque\u00f1a, mediana y gran empresa, para cada tipo de negocio.[\/vc_column_text][\/vc_column][\/vc_row][vc_row][vc_column width=\u00bb1\/2&#8243;][vc_column_text css=\u00bb.vc_custom_1611860229757{margin-bottom: 20px !important;}\u00bb] Contacto &#8211; Estamos\u00a0Para Servirte Llevamos m\u00e1s de 20 a\u00f1os como aliados tecnol\u00f3gicos de peque\u00f1as, medianas y grandes empresas en toda Am\u00e9rica Latina. Escr\u00edbenos o cont\u00e1ctanos a trav\u00e9s de un representante en[&#8230;]","protected":false},"author":1,"featured_media":2525,"parent":0,"menu_order":21,"comment_status":"closed","ping_status":"closed","template":"","meta":[],"yoast_head":"<!-- This site is optimized with the Yoast SEO plugin v18.8 - https:\/\/yoast.com\/wordpress\/plugins\/seo\/ -->\n<title>Contacto Empresa de Software | Inform\u00e1tica Especializada NASAJ<\/title>\n<meta name=\"description\" content=\"Tel\u00e9fonos ienasaj empresa de software administrativo para peque\u00f1a, mediana y gran empresa, para cada tipo de negocio. Contacto +50768687292\" \/>\n<meta name=\"robots\" content=\"index, follow, max-snippet:-1, max-image-preview:large, max-video-preview:-1\" \/>\n<link rel=\"canonical\" href=\"http:\/\/www.ienasaj.com\/index.php\/contacto\/\" \/>\n<meta property=\"og:locale\" content=\"es_ES\" \/>\n<meta property=\"og:type\" content=\"article\" \/>\n<meta property=\"og:title\" content=\"Contacto Empresa de Software | Inform\u00e1tica Especializada NASAJ\" \/>\n<meta property=\"og:description\" content=\"Tel\u00e9fonos ienasaj empresa de software administrativo para peque\u00f1a, mediana y gran empresa, para cada tipo de negocio. Contacto +50768687292\" \/>\n<meta property=\"og:url\" content=\"http:\/\/www.ienasaj.com\/index.php\/contacto\/\" \/>\n<meta property=\"og:site_name\" content=\"Inform\u00e1tica Especializada NASAJ\" \/>\n<meta property=\"article:publisher\" content=\"https:\/\/www.facebook.com\/informaticaespecializadanasaj\" \/>\n<meta property=\"article:modified_time\" content=\"2021-01-28T18:57:11+00:00\" \/>\n<meta property=\"og:image\" content=\"http:\/\/www.ienasaj.com\/wp-content\/uploads\/2021\/01\/servicio-al-cliente-ienasaj.jpg\" \/>\n\t<meta property=\"og:image:width\" content=\"400\" \/>\n\t<meta property=\"og:image:height\" content=\"600\" \/>\n\t<meta property=\"og:image:type\" content=\"image\/jpeg\" \/>\n<meta name=\"twitter:card\" content=\"summary_large_image\" \/>\n<meta name=\"twitter:site\" content=\"@ienasaj\" \/>\n<meta name=\"twitter:label1\" content=\"Tiempo de lectura\" \/>\n\t<meta name=\"twitter:data1\" content=\"2 minutos\" \/>\n<script type=\"application\/ld+json\" class=\"yoast-schema-graph\">{\"@context\":\"https:\/\/schema.org\",\"@graph\":[{\"@type\":\"Organization\",\"@id\":\"http:\/\/www.ienasaj.com\/#organization\",\"name\":\"Inform\u00e1tica Especializada Nasaj\",\"url\":\"http:\/\/www.ienasaj.com\/\",\"sameAs\":[\"https:\/\/www.facebook.com\/informaticaespecializadanasaj\",\"https:\/\/www.instagram.com\/ienasaj\/\",\"https:\/\/www.linkedin.com\/company\/inform\u00e1tica-especializada-nasaj\/\",\"https:\/\/www.youtube.com\/user\/infnasaj\",\"https:\/\/twitter.com\/ienasaj\"],\"logo\":{\"@type\":\"ImageObject\",\"inLanguage\":\"es\",\"@id\":\"http:\/\/www.ienasaj.com\/#\/schema\/logo\/image\/\",\"url\":\"http:\/\/www.ienasaj.com\/wp-content\/uploads\/2020\/12\/logo_ienasaj-erp-nuevo-th.png\",\"contentUrl\":\"http:\/\/www.ienasaj.com\/wp-content\/uploads\/2020\/12\/logo_ienasaj-erp-nuevo-th.png\",\"width\":140,\"height\":47,\"caption\":\"Inform\u00e1tica Especializada Nasaj\"},\"image\":{\"@id\":\"http:\/\/www.ienasaj.com\/#\/schema\/logo\/image\/\"}},{\"@type\":\"WebSite\",\"@id\":\"http:\/\/www.ienasaj.com\/#website\",\"url\":\"http:\/\/www.ienasaj.com\/\",\"name\":\"Inform\u00e1tica Especializada NASAJ\",\"description\":\"Software ERP para gesti\u00f3n empresarial, software y soluciones empresariales latinoamerica\",\"publisher\":{\"@id\":\"http:\/\/www.ienasaj.com\/#organization\"},\"potentialAction\":[{\"@type\":\"SearchAction\",\"target\":{\"@type\":\"EntryPoint\",\"urlTemplate\":\"http:\/\/www.ienasaj.com\/?s={search_term_string}\"},\"query-input\":\"required name=search_term_string\"}],\"inLanguage\":\"es\"},{\"@type\":\"ImageObject\",\"inLanguage\":\"es\",\"@id\":\"http:\/\/www.ienasaj.com\/index.php\/contacto\/#primaryimage\",\"url\":\"http:\/\/www.ienasaj.com\/wp-content\/uploads\/2021\/01\/servicio-al-cliente-ienasaj.jpg\",\"contentUrl\":\"http:\/\/www.ienasaj.com\/wp-content\/uploads\/2021\/01\/servicio-al-cliente-ienasaj.jpg\",\"width\":400,\"height\":600,\"caption\":\"Contacto Empresa de Software en Costa Rica\"},{\"@type\":\"WebPage\",\"@id\":\"http:\/\/www.ienasaj.com\/index.php\/contacto\/#webpage\",\"url\":\"http:\/\/www.ienasaj.com\/index.php\/contacto\/\",\"name\":\"Contacto Empresa de Software | Inform\u00e1tica Especializada NASAJ\",\"isPartOf\":{\"@id\":\"http:\/\/www.ienasaj.com\/#website\"},\"primaryImageOfPage\":{\"@id\":\"http:\/\/www.ienasaj.com\/index.php\/contacto\/#primaryimage\"},\"datePublished\":\"2016-08-16T13:22:58+00:00\",\"dateModified\":\"2021-01-28T18:57:11+00:00\",\"description\":\"Tel\u00e9fonos ienasaj empresa de software administrativo para peque\u00f1a, mediana y gran empresa, para cada tipo de negocio. Contacto +50768687292\",\"breadcrumb\":{\"@id\":\"http:\/\/www.ienasaj.com\/index.php\/contacto\/#breadcrumb\"},\"inLanguage\":\"es\",\"potentialAction\":[{\"@type\":\"ReadAction\",\"target\":[\"http:\/\/www.ienasaj.com\/index.php\/contacto\/\"]}]},{\"@type\":\"BreadcrumbList\",\"@id\":\"http:\/\/www.ienasaj.com\/index.php\/contacto\/#breadcrumb\",\"itemListElement\":[{\"@type\":\"ListItem\",\"position\":1,\"name\":\"Home\",\"item\":\"http:\/\/www.ienasaj.com\/\"},{\"@type\":\"ListItem\",\"position\":2,\"name\":\"Contacto\"}]}]}<\/script>\n<!-- \/ Yoast SEO plugin. -->","yoast_head_json":{"title":"Contacto Empresa de Software | Inform\u00e1tica Especializada NASAJ","description":"Tel\u00e9fonos ienasaj empresa de software administrativo para peque\u00f1a, mediana y gran empresa, para cada tipo de negocio. Contacto +50768687292","robots":{"index":"index","follow":"follow","max-snippet":"max-snippet:-1","max-image-preview":"max-image-preview:large","max-video-preview":"max-video-preview:-1"},"canonical":"http:\/\/www.ienasaj.com\/index.php\/contacto\/","og_locale":"es_ES","og_type":"article","og_title":"Contacto Empresa de Software | Inform\u00e1tica Especializada NASAJ","og_description":"Tel\u00e9fonos ienasaj empresa de software administrativo para peque\u00f1a, mediana y gran empresa, para cada tipo de negocio. Contacto +50768687292","og_url":"http:\/\/www.ienasaj.com\/index.php\/contacto\/","og_site_name":"Inform\u00e1tica Especializada NASAJ","article_publisher":"https:\/\/www.facebook.com\/informaticaespecializadanasaj","article_modified_time":"2021-01-28T18:57:11+00:00","og_image":[{"width":400,"height":600,"url":"http:\/\/www.ienasaj.com\/wp-content\/uploads\/2021\/01\/servicio-al-cliente-ienasaj.jpg","type":"image\/jpeg"}],"twitter_card":"summary_large_image","twitter_site":"@ienasaj","twitter_misc":{"Tiempo de lectura":"2 minutos"},"schema":{"@context":"https:\/\/schema.org","@graph":[{"@type":"Organization","@id":"http:\/\/www.ienasaj.com\/#organization","name":"Inform\u00e1tica Especializada Nasaj","url":"http:\/\/www.ienasaj.com\/","sameAs":["https:\/\/www.facebook.com\/informaticaespecializadanasaj","https:\/\/www.instagram.com\/ienasaj\/","https:\/\/www.linkedin.com\/company\/inform\u00e1tica-especializada-nasaj\/","https:\/\/www.youtube.com\/user\/infnasaj","https:\/\/twitter.com\/ienasaj"],"logo":{"@type":"ImageObject","inLanguage":"es","@id":"http:\/\/www.ienasaj.com\/#\/schema\/logo\/image\/","url":"http:\/\/www.ienasaj.com\/wp-content\/uploads\/2020\/12\/logo_ienasaj-erp-nuevo-th.png","contentUrl":"http:\/\/www.ienasaj.com\/wp-content\/uploads\/2020\/12\/logo_ienasaj-erp-nuevo-th.png","width":140,"height":47,"caption":"Inform\u00e1tica Especializada Nasaj"},"image":{"@id":"http:\/\/www.ienasaj.com\/#\/schema\/logo\/image\/"}},{"@type":"WebSite","@id":"http:\/\/www.ienasaj.com\/#website","url":"http:\/\/www.ienasaj.com\/","name":"Inform\u00e1tica Especializada NASAJ","description":"Software ERP para gesti\u00f3n empresarial, software y soluciones empresariales latinoamerica","publisher":{"@id":"http:\/\/www.ienasaj.com\/#organization"},"potentialAction":[{"@type":"SearchAction","target":{"@type":"EntryPoint","urlTemplate":"http:\/\/www.ienasaj.com\/?s={search_term_string}"},"query-input":"required name=search_term_string"}],"inLanguage":"es"},{"@type":"ImageObject","inLanguage":"es","@id":"http:\/\/www.ienasaj.com\/index.php\/contacto\/#primaryimage","url":"http:\/\/www.ienasaj.com\/wp-content\/uploads\/2021\/01\/servicio-al-cliente-ienasaj.jpg","contentUrl":"http:\/\/www.ienasaj.com\/wp-content\/uploads\/2021\/01\/servicio-al-cliente-ienasaj.jpg","width":400,"height":600,"caption":"Contacto Empresa de Software en Costa Rica"},{"@type":"WebPage","@id":"http:\/\/www.ienasaj.com\/index.php\/contacto\/#webpage","url":"http:\/\/www.ienasaj.com\/index.php\/contacto\/","name":"Contacto Empresa de Software | Inform\u00e1tica Especializada NASAJ","isPartOf":{"@id":"http:\/\/www.ienasaj.com\/#website"},"primaryImageOfPage":{"@id":"http:\/\/www.ienasaj.com\/index.php\/contacto\/#primaryimage"},"datePublished":"2016-08-16T13:22:58+00:00","dateModified":"2021-01-28T18:57:11+00:00","description":"Tel\u00e9fonos ienasaj empresa de software administrativo para peque\u00f1a, mediana y gran empresa, para cada tipo de negocio. Contacto +50768687292","breadcrumb":{"@id":"http:\/\/www.ienasaj.com\/index.php\/contacto\/#breadcrumb"},"inLanguage":"es","potentialAction":[{"@type":"ReadAction","target":["http:\/\/www.ienasaj.com\/index.php\/contacto\/"]}]},{"@type":"BreadcrumbList","@id":"http:\/\/www.ienasaj.com\/index.php\/contacto\/#breadcrumb","itemListElement":[{"@type":"ListItem","position":1,"name":"Home","item":"http:\/\/www.ienasaj.com\/"},{"@type":"ListItem","position":2,"name":"Contacto"}]}]}},"_links":{"self":[{"href":"http:\/\/www.ienasaj.com\/index.php\/wp-json\/wp\/v2\/pages\/625"}],"collection":[{"href":"http:\/\/www.ienasaj.com\/index.php\/wp-json\/wp\/v2\/pages"}],"about":[{"href":"http:\/\/www.ienasaj.com\/index.php\/wp-json\/wp\/v2\/types\/page"}],"author":[{"embeddable":true,"href":"http:\/\/www.ienasaj.com\/index.php\/wp-json\/wp\/v2\/users\/1"}],"replies":[{"embeddable":true,"href":"http:\/\/www.ienasaj.com\/index.php\/wp-json\/wp\/v2\/comments?post=625"}],"version-history":[{"count":22,"href":"http:\/\/www.ienasaj.com\/index.php\/wp-json\/wp\/v2\/pages\/625\/revisions"}],"predecessor-version":[{"id":2654,"href":"http:\/\/www.ienasaj.com\/index.php\/wp-json\/wp\/v2\/pages\/625\/revisions\/2654"}],"wp:featuredmedia":[{"embeddable":true,"href":"http:\/\/www.ienasaj.com\/index.php\/wp-json\/wp\/v2\/media\/2525"}],"wp:attachment":[{"href":"http:\/\/www.ienasaj.com\/index.php\/wp-json\/wp\/v2\/media?parent=625"}],"curies":[{"name":"wp","href":"https:\/\/api.w.org\/{rel}","templated":true}]}}