{"id":1565,"date":"2016-11-30T04:43:55","date_gmt":"2016-11-30T04:43:55","guid":{"rendered":"http:\/\/kroth:8888\/?page_id=1565"},"modified":"2021-01-28T15:11:39","modified_gmt":"2021-01-28T21:11:39","slug":"software-administrativo-para-moviles-android","status":"publish","type":"page","link":"http:\/\/www.ienasaj.com\/index.php\/soluciones-de-software\/software-administrativo-para-moviles-android\/","title":{"rendered":"Software Administrativo para M\u00f3viles Android"},"content":{"rendered":"<p>[vc_row][vc_column width=\u00bb1\/4&#8243;][vc_widget_sidebar sidebar_id=\u00bbsub-services-page-sidebar\u00bb][\/vc_column][vc_column width=\u00bb3\/4&#8243;][vc_row_inner][vc_column_inner][vc_single_image image=\u00bb1968&#8243; img_size=\u00bbfull\u00bb el_class=\u00bbrounded-three\u00bb css=\u00bb.vc_custom_1608841187891{margin-bottom: 15px !important;}\u00bb][vc_column_text css=\u00bb.vc_custom_1611203298834{margin-bottom: 20px !important;}\u00bb]<\/p>\n<p style=\"text-align: justify;\">SCAD ahora cuenta con una versi\u00f3n Software Administrativo para M\u00f3viles (TABLETAS, TEL\u00c9FONOS INTELIGENTES), para realizar todas las operaciones como si fuera una estaci\u00f3n m\u00e1s de trabajo en su empresa. Las funcionalidades de este software son:<\/p>\n<ul>\n<li style=\"text-align: justify;\">Llevar inventarios cuando realice compras a proveedores.<\/li>\n<li style=\"text-align: justify;\">Permitir que los vendedores facturen fuera y que luego sincronicen al llegar a la empresa.<\/li>\n<li style=\"text-align: justify;\">Realizar inventarios f\u00edsicos con localizaci\u00f3n de productos por c\u00f3digos de barras usando la c\u00e1mara fotogr\u00e1fica.<\/li>\n<li style=\"text-align: justify;\">Consultar el estado de su empresa con los componentes de gerencia.<\/li>\n<li style=\"text-align: justify;\">Toda funci\u00f3n que deba realizar -dentro o fuera de su empresa- con libertad de movilidad la puede realizar con este software m\u00f3vil, ya que viene totalmente integrado al Software Administrativo ERP SCAD para computadores de escritorio y port\u00e1tiles. Se sorprender\u00e1 con la facilidad en el uso y sincronizaci\u00f3n de datos de esta versi\u00f3n para dispositivos inteligentes.<\/li>\n<\/ul>\n<p>[\/vc_column_text][\/vc_column_inner][\/vc_row_inner][vc_row_inner css=\u00bb.vc_custom_1471527361639{margin-top: 8px !important;}\u00bb][vc_column_inner width=\u00bb1\/4&#8243;][vc_empty_space height=\u00bb20px\u00bb][vc_single_image image=\u00bb1971&#8243; img_size=\u00bbmedium\u00bb][vc_empty_space height=\u00bb60px\u00bb][vc_single_image image=\u00bb1973&#8243; img_size=\u00bbmedium\u00bb][\/vc_column_inner][vc_column_inner width=\u00bb3\/4&#8243;][vc_empty_space height=\u00bb40px\u00bb][vc_column_text]<\/p>\n<h4 style=\"text-align: justify;\">Conozca m\u00e1s Acerca de este Software ERP SCAD o Sistema de Control Administrativo. Es un Sistema ideal para llevar los Inventarios, Ventas y Contabilidad, recomendable para la grande, mediana y peque\u00f1a empresa.<\/h4>\n<p style=\"text-align: justify;\">Es un sistema que utiliza \u00faltima tecnolog\u00eda en c\u00f3digos de barras, etiquetas, im\u00e1genes de productos, reportes estad\u00edsticos de inventarios, ventas y clasificaci\u00f3n de productos vendidos. Adem\u00e1s, antig\u00fcedad de saldos, proyecci\u00f3n de cobros, manejo de m\u00faltiples monedas, generador de reportes, que cuenta adem\u00e1s con ayuda electr\u00f3nica totalmente en espa\u00f1ol y mucho m\u00e1s.<\/p>\n<p>[\/vc_column_text][vc_empty_space height=\u00bb60px\u00bb][vc_column_text]<\/p>\n<h3><span class=\"title-left\">M\u00f3dulos del Software M\u00f3vil<\/span><\/h3>\n<p style=\"text-align: justify;\">Estas son algunas de las funcionalidades principales activas en este software:<\/p>\n<ul style=\"text-align: justify;\">\n<li><strong>M\u00f3dulo POS Cuentas por Cobrar:<\/strong> Permite llevar un control de: clientes, emisi\u00f3n de pagos y pagos pendientes. Con esta herramienta, usted puede editar datos personales y comerciales de cada cliente, y emitir documentos por pago.<\/li>\n<li><strong>M\u00f3dulo POS Inventario:<\/strong> Controla detalladamente el inventario de productos de distribuci\u00f3n que tiene en existencia. Con el POS Inventario, usted puede clasificar productos de caracter\u00edsticas similares para agruparlos en el cat\u00e1logo, especificar los datos t\u00e9cnicos de cada producto en el inventario y crear diferentes empaques para manejar la presentaci\u00f3n de los productos (como por ejemplo en caja, por litro o por unidad, entre otras).<\/li>\n<li><strong>Y m\u00f3dulo POS Facturaci\u00f3n:<\/strong> Se pueden emitir f\u00e1cilmente las ventas de los productos o servicios de su empresa; y una vez que el agente concluya la ruta de entrega, se puede sincronizar la informaci\u00f3n del sistema ERP de escritorio para que \u00e9sta sea procesada normalmente.<\/li>\n<\/ul>\n<p style=\"text-align: justify;\">Permite tener rapidez al generar facturas, diligenciar los datos f\u00e1cilmente con l\u00e1piz o teclado num\u00e9rico gracias a la optimizaci\u00f3n, manejar factores de venta o niveles de precios a nivel general o producto por producto, e informar a los clientes con cr\u00e9ditos vencidos cu\u00e1ndo se les generar\u00e1 la factura.<\/p>\n<p>[\/vc_column_text][\/vc_column_inner][\/vc_row_inner][\/vc_column][\/vc_row][vc_row][vc_column][vc_separator][\/vc_column][\/vc_row][vc_row][vc_column][vc_column_text]<strong>Encuentra las Mejores soluciones<\/strong> en <a href=\"http:\/\/www.ienasaj.com\/index.php\/soluciones\/software-erp-espanol\/\" target=\"_blank\" rel=\"noopener noreferrer\"><strong>Software Administrativo Empresarial<\/strong><\/a>, <a href=\"http:\/\/www.ienasaj.com\/index.php\/soluciones\/facturacion-electronica\/\" target=\"_blank\" rel=\"noopener noreferrer\"><strong>Factura Electr\u00f3nica para Colombia y Costa Rica<\/strong><\/a>, <a href=\"http:\/\/www.ienasaj.com\/index.php\/soluciones\/impresora-fiscal-y-software-en-panama\/\" target=\"_blank\" rel=\"noopener noreferrer\"><strong>Impresora Fiscal en Panam\u00e1<\/strong><\/a> y <a href=\"http:\/\/www.ienasaj.com\/index.php\/soluciones\/software-administrativo-android\/\" target=\"_blank\" rel=\"noopener noreferrer\"><strong>Software Administrativo para m\u00f3viles<\/strong><\/a>. Sigue nuestra <strong><a href=\"https:\/\/www.facebook.com\/informaticaespecializadanasaj\/\" target=\"_blank\" rel=\"noopener noreferrer\">p\u00e1gina en Facebook<\/a><\/strong> y nuestra <a href=\"https:\/\/www.instagram.com\/informaticaespecializada\/\" target=\"_blank\" rel=\"noopener noreferrer\"><strong>cuenta en Instagram<\/strong><\/a>.[\/vc_column_text][\/vc_column][\/vc_row][vc_row full_width=\u00bbstretch_row\u00bb overlay_dotted=\u00bb\u00bb css=\u00bb.vc_custom_1481544600822{margin-top: 40px !important;}\u00bb][vc_column]<div class=\"krth-cta krth-cta-one cta-cnt-left \"><div class=\"krth-cta-cnt \" ><p><span style=\"color: #ffffff;\"><strong>Servicio al Cliente<\/strong> <span style=\"padding-left: 15px;\">Estamos atentos a tus requerimientos<\/span><\/span><\/p>\n<\/div><a class=\"krth-btn btn-secondary  vc_custom_1608842267567 btn-medium krth-btn-6a05a545df9f9 btn-hover-one btn-icon-left rounded-three \" href=\"http:\/\/www.ienasaj.com\/index.php\/contacto\/\"><span class=\"btn-text\">Cont\u00e1ctenos<\/span><\/a><\/div>[\/vc_column][\/vc_row]<\/p>\n","protected":false},"excerpt":{"rendered":"[vc_row][vc_column width=\u00bb1\/4&#8243;][vc_widget_sidebar sidebar_id=\u00bbsub-services-page-sidebar\u00bb][\/vc_column][vc_column width=\u00bb3\/4&#8243;][vc_row_inner][vc_column_inner][vc_single_image image=\u00bb1968&#8243; img_size=\u00bbfull\u00bb el_class=\u00bbrounded-three\u00bb css=\u00bb.vc_custom_1608841187891{margin-bottom: 15px !important;}\u00bb][vc_column_text css=\u00bb.vc_custom_1611203298834{margin-bottom: 20px !important;}\u00bb] SCAD ahora cuenta con una versi\u00f3n Software Administrativo para M\u00f3viles (TABLETAS, TEL\u00c9FONOS INTELIGENTES), para realizar todas las operaciones como si fuera una estaci\u00f3n m\u00e1s de trabajo en su empresa. Las funcionalidades de este software son: Llevar inventarios cuando realice compras a proveedores.[&#8230;]","protected":false},"author":1,"featured_media":2473,"parent":588,"menu_order":0,"comment_status":"closed","ping_status":"closed","template":"","meta":[],"yoast_head":"<!-- This site is optimized with the Yoast SEO plugin v18.8 - https:\/\/yoast.com\/wordpress\/plugins\/seo\/ -->\n<title>Software Administrativo para M\u00f3viles | Inform\u00e1tica Especializada NASAJ<\/title>\n<meta name=\"description\" content=\"Software administrativo para dispositivos m\u00f3viles con SCAD haces las operaciones de tu empresa desde el celular. Contacto +50768687292\" \/>\n<meta name=\"robots\" content=\"index, follow, max-snippet:-1, max-image-preview:large, max-video-preview:-1\" \/>\n<link rel=\"canonical\" href=\"http:\/\/www.ienasaj.com\/index.php\/soluciones-de-software\/software-administrativo-para-moviles-android\/\" \/>\n<meta property=\"og:locale\" content=\"es_ES\" \/>\n<meta property=\"og:type\" content=\"article\" \/>\n<meta property=\"og:title\" content=\"Software Administrativo para M\u00f3viles | Inform\u00e1tica Especializada NASAJ\" \/>\n<meta property=\"og:description\" content=\"Software administrativo para dispositivos m\u00f3viles con SCAD haces las operaciones de tu empresa desde el celular. Contacto +50768687292\" \/>\n<meta property=\"og:url\" content=\"http:\/\/www.ienasaj.com\/index.php\/soluciones-de-software\/software-administrativo-para-moviles-android\/\" \/>\n<meta property=\"og:site_name\" content=\"Inform\u00e1tica Especializada NASAJ\" \/>\n<meta property=\"article:publisher\" content=\"https:\/\/www.facebook.com\/informaticaespecializadanasaj\" \/>\n<meta property=\"article:modified_time\" content=\"2021-01-28T21:11:39+00:00\" \/>\n<meta property=\"og:image\" content=\"http:\/\/www.ienasaj.com\/wp-content\/uploads\/2021\/01\/sistema-erp-desde-celular-ventas-movil-sistema-de-ventas-inventario.jpg\" \/>\n\t<meta property=\"og:image:width\" content=\"1024\" \/>\n\t<meta property=\"og:image:height\" content=\"512\" \/>\n\t<meta property=\"og:image:type\" content=\"image\/jpeg\" \/>\n<meta name=\"twitter:card\" content=\"summary_large_image\" \/>\n<meta name=\"twitter:site\" content=\"@ienasaj\" \/>\n<meta name=\"twitter:label1\" content=\"Tiempo de lectura\" \/>\n\t<meta name=\"twitter:data1\" content=\"3 minutos\" \/>\n<script type=\"application\/ld+json\" class=\"yoast-schema-graph\">{\"@context\":\"https:\/\/schema.org\",\"@graph\":[{\"@type\":\"Organization\",\"@id\":\"http:\/\/www.ienasaj.com\/#organization\",\"name\":\"Inform\u00e1tica Especializada Nasaj\",\"url\":\"http:\/\/www.ienasaj.com\/\",\"sameAs\":[\"https:\/\/www.facebook.com\/informaticaespecializadanasaj\",\"https:\/\/www.instagram.com\/ienasaj\/\",\"https:\/\/www.linkedin.com\/company\/inform\u00e1tica-especializada-nasaj\/\",\"https:\/\/www.youtube.com\/user\/infnasaj\",\"https:\/\/twitter.com\/ienasaj\"],\"logo\":{\"@type\":\"ImageObject\",\"inLanguage\":\"es\",\"@id\":\"http:\/\/www.ienasaj.com\/#\/schema\/logo\/image\/\",\"url\":\"http:\/\/www.ienasaj.com\/wp-content\/uploads\/2020\/12\/logo_ienasaj-erp-nuevo-th.png\",\"contentUrl\":\"http:\/\/www.ienasaj.com\/wp-content\/uploads\/2020\/12\/logo_ienasaj-erp-nuevo-th.png\",\"width\":140,\"height\":47,\"caption\":\"Inform\u00e1tica Especializada Nasaj\"},\"image\":{\"@id\":\"http:\/\/www.ienasaj.com\/#\/schema\/logo\/image\/\"}},{\"@type\":\"WebSite\",\"@id\":\"http:\/\/www.ienasaj.com\/#website\",\"url\":\"http:\/\/www.ienasaj.com\/\",\"name\":\"Inform\u00e1tica Especializada NASAJ\",\"description\":\"Software ERP para gesti\u00f3n empresarial, software y soluciones empresariales latinoamerica\",\"publisher\":{\"@id\":\"http:\/\/www.ienasaj.com\/#organization\"},\"potentialAction\":[{\"@type\":\"SearchAction\",\"target\":{\"@type\":\"EntryPoint\",\"urlTemplate\":\"http:\/\/www.ienasaj.com\/?s={search_term_string}\"},\"query-input\":\"required name=search_term_string\"}],\"inLanguage\":\"es\"},{\"@type\":\"ImageObject\",\"inLanguage\":\"es\",\"@id\":\"http:\/\/www.ienasaj.com\/index.php\/soluciones-de-software\/software-administrativo-para-moviles-android\/#primaryimage\",\"url\":\"http:\/\/www.ienasaj.com\/wp-content\/uploads\/2021\/01\/sistema-erp-desde-celular-ventas-movil-sistema-de-ventas-inventario.jpg\",\"contentUrl\":\"http:\/\/www.ienasaj.com\/wp-content\/uploads\/2021\/01\/sistema-erp-desde-celular-ventas-movil-sistema-de-ventas-inventario.jpg\",\"width\":1024,\"height\":512,\"caption\":\"Software Administrativo para M\u00f3viles\"},{\"@type\":\"WebPage\",\"@id\":\"http:\/\/www.ienasaj.com\/index.php\/soluciones-de-software\/software-administrativo-para-moviles-android\/#webpage\",\"url\":\"http:\/\/www.ienasaj.com\/index.php\/soluciones-de-software\/software-administrativo-para-moviles-android\/\",\"name\":\"Software Administrativo para M\u00f3viles | Inform\u00e1tica Especializada NASAJ\",\"isPartOf\":{\"@id\":\"http:\/\/www.ienasaj.com\/#website\"},\"primaryImageOfPage\":{\"@id\":\"http:\/\/www.ienasaj.com\/index.php\/soluciones-de-software\/software-administrativo-para-moviles-android\/#primaryimage\"},\"datePublished\":\"2016-11-30T04:43:55+00:00\",\"dateModified\":\"2021-01-28T21:11:39+00:00\",\"description\":\"Software administrativo para dispositivos m\u00f3viles con SCAD haces las operaciones de tu empresa desde el celular. Contacto +50768687292\",\"breadcrumb\":{\"@id\":\"http:\/\/www.ienasaj.com\/index.php\/soluciones-de-software\/software-administrativo-para-moviles-android\/#breadcrumb\"},\"inLanguage\":\"es\",\"potentialAction\":[{\"@type\":\"ReadAction\",\"target\":[\"http:\/\/www.ienasaj.com\/index.php\/soluciones-de-software\/software-administrativo-para-moviles-android\/\"]}]},{\"@type\":\"BreadcrumbList\",\"@id\":\"http:\/\/www.ienasaj.com\/index.php\/soluciones-de-software\/software-administrativo-para-moviles-android\/#breadcrumb\",\"itemListElement\":[{\"@type\":\"ListItem\",\"position\":1,\"name\":\"Home\",\"item\":\"http:\/\/www.ienasaj.com\/\"},{\"@type\":\"ListItem\",\"position\":2,\"name\":\"Soluciones\",\"item\":\"http:\/\/www.ienasaj.com\/index.php\/soluciones-de-software\/\"},{\"@type\":\"ListItem\",\"position\":3,\"name\":\"Software Administrativo para M\u00f3viles Android\"}]}]}<\/script>\n<!-- \/ Yoast SEO plugin. -->","yoast_head_json":{"title":"Software Administrativo para M\u00f3viles | Inform\u00e1tica Especializada NASAJ","description":"Software administrativo para dispositivos m\u00f3viles con SCAD haces las operaciones de tu empresa desde el celular. Contacto +50768687292","robots":{"index":"index","follow":"follow","max-snippet":"max-snippet:-1","max-image-preview":"max-image-preview:large","max-video-preview":"max-video-preview:-1"},"canonical":"http:\/\/www.ienasaj.com\/index.php\/soluciones-de-software\/software-administrativo-para-moviles-android\/","og_locale":"es_ES","og_type":"article","og_title":"Software Administrativo para M\u00f3viles | Inform\u00e1tica Especializada NASAJ","og_description":"Software administrativo para dispositivos m\u00f3viles con SCAD haces las operaciones de tu empresa desde el celular. Contacto +50768687292","og_url":"http:\/\/www.ienasaj.com\/index.php\/soluciones-de-software\/software-administrativo-para-moviles-android\/","og_site_name":"Inform\u00e1tica Especializada NASAJ","article_publisher":"https:\/\/www.facebook.com\/informaticaespecializadanasaj","article_modified_time":"2021-01-28T21:11:39+00:00","og_image":[{"width":1024,"height":512,"url":"http:\/\/www.ienasaj.com\/wp-content\/uploads\/2021\/01\/sistema-erp-desde-celular-ventas-movil-sistema-de-ventas-inventario.jpg","type":"image\/jpeg"}],"twitter_card":"summary_large_image","twitter_site":"@ienasaj","twitter_misc":{"Tiempo de lectura":"3 minutos"},"schema":{"@context":"https:\/\/schema.org","@graph":[{"@type":"Organization","@id":"http:\/\/www.ienasaj.com\/#organization","name":"Inform\u00e1tica Especializada Nasaj","url":"http:\/\/www.ienasaj.com\/","sameAs":["https:\/\/www.facebook.com\/informaticaespecializadanasaj","https:\/\/www.instagram.com\/ienasaj\/","https:\/\/www.linkedin.com\/company\/inform\u00e1tica-especializada-nasaj\/","https:\/\/www.youtube.com\/user\/infnasaj","https:\/\/twitter.com\/ienasaj"],"logo":{"@type":"ImageObject","inLanguage":"es","@id":"http:\/\/www.ienasaj.com\/#\/schema\/logo\/image\/","url":"http:\/\/www.ienasaj.com\/wp-content\/uploads\/2020\/12\/logo_ienasaj-erp-nuevo-th.png","contentUrl":"http:\/\/www.ienasaj.com\/wp-content\/uploads\/2020\/12\/logo_ienasaj-erp-nuevo-th.png","width":140,"height":47,"caption":"Inform\u00e1tica Especializada Nasaj"},"image":{"@id":"http:\/\/www.ienasaj.com\/#\/schema\/logo\/image\/"}},{"@type":"WebSite","@id":"http:\/\/www.ienasaj.com\/#website","url":"http:\/\/www.ienasaj.com\/","name":"Inform\u00e1tica Especializada NASAJ","description":"Software ERP para gesti\u00f3n empresarial, software y soluciones empresariales latinoamerica","publisher":{"@id":"http:\/\/www.ienasaj.com\/#organization"},"potentialAction":[{"@type":"SearchAction","target":{"@type":"EntryPoint","urlTemplate":"http:\/\/www.ienasaj.com\/?s={search_term_string}"},"query-input":"required name=search_term_string"}],"inLanguage":"es"},{"@type":"ImageObject","inLanguage":"es","@id":"http:\/\/www.ienasaj.com\/index.php\/soluciones-de-software\/software-administrativo-para-moviles-android\/#primaryimage","url":"http:\/\/www.ienasaj.com\/wp-content\/uploads\/2021\/01\/sistema-erp-desde-celular-ventas-movil-sistema-de-ventas-inventario.jpg","contentUrl":"http:\/\/www.ienasaj.com\/wp-content\/uploads\/2021\/01\/sistema-erp-desde-celular-ventas-movil-sistema-de-ventas-inventario.jpg","width":1024,"height":512,"caption":"Software Administrativo para M\u00f3viles"},{"@type":"WebPage","@id":"http:\/\/www.ienasaj.com\/index.php\/soluciones-de-software\/software-administrativo-para-moviles-android\/#webpage","url":"http:\/\/www.ienasaj.com\/index.php\/soluciones-de-software\/software-administrativo-para-moviles-android\/","name":"Software Administrativo para M\u00f3viles | Inform\u00e1tica Especializada NASAJ","isPartOf":{"@id":"http:\/\/www.ienasaj.com\/#website"},"primaryImageOfPage":{"@id":"http:\/\/www.ienasaj.com\/index.php\/soluciones-de-software\/software-administrativo-para-moviles-android\/#primaryimage"},"datePublished":"2016-11-30T04:43:55+00:00","dateModified":"2021-01-28T21:11:39+00:00","description":"Software administrativo para dispositivos m\u00f3viles con SCAD haces las operaciones de tu empresa desde el celular. Contacto +50768687292","breadcrumb":{"@id":"http:\/\/www.ienasaj.com\/index.php\/soluciones-de-software\/software-administrativo-para-moviles-android\/#breadcrumb"},"inLanguage":"es","potentialAction":[{"@type":"ReadAction","target":["http:\/\/www.ienasaj.com\/index.php\/soluciones-de-software\/software-administrativo-para-moviles-android\/"]}]},{"@type":"BreadcrumbList","@id":"http:\/\/www.ienasaj.com\/index.php\/soluciones-de-software\/software-administrativo-para-moviles-android\/#breadcrumb","itemListElement":[{"@type":"ListItem","position":1,"name":"Home","item":"http:\/\/www.ienasaj.com\/"},{"@type":"ListItem","position":2,"name":"Soluciones","item":"http:\/\/www.ienasaj.com\/index.php\/soluciones-de-software\/"},{"@type":"ListItem","position":3,"name":"Software Administrativo para M\u00f3viles Android"}]}]}},"_links":{"self":[{"href":"http:\/\/www.ienasaj.com\/index.php\/wp-json\/wp\/v2\/pages\/1565"}],"collection":[{"href":"http:\/\/www.ienasaj.com\/index.php\/wp-json\/wp\/v2\/pages"}],"about":[{"href":"http:\/\/www.ienasaj.com\/index.php\/wp-json\/wp\/v2\/types\/page"}],"author":[{"embeddable":true,"href":"http:\/\/www.ienasaj.com\/index.php\/wp-json\/wp\/v2\/users\/1"}],"replies":[{"embeddable":true,"href":"http:\/\/www.ienasaj.com\/index.php\/wp-json\/wp\/v2\/comments?post=1565"}],"version-history":[{"count":18,"href":"http:\/\/www.ienasaj.com\/index.php\/wp-json\/wp\/v2\/pages\/1565\/revisions"}],"predecessor-version":[{"id":2661,"href":"http:\/\/www.ienasaj.com\/index.php\/wp-json\/wp\/v2\/pages\/1565\/revisions\/2661"}],"up":[{"embeddable":true,"href":"http:\/\/www.ienasaj.com\/index.php\/wp-json\/wp\/v2\/pages\/588"}],"wp:featuredmedia":[{"embeddable":true,"href":"http:\/\/www.ienasaj.com\/index.php\/wp-json\/wp\/v2\/media\/2473"}],"wp:attachment":[{"href":"http:\/\/www.ienasaj.com\/index.php\/wp-json\/wp\/v2\/media?parent=1565"}],"curies":[{"name":"wp","href":"https:\/\/api.w.org\/{rel}","templated":true}]}}