{"id":1647,"date":"2020-12-14T22:07:16","date_gmt":"2020-12-14T22:07:16","guid":{"rendered":"http:\/\/www.ienasaj.com\/?page_id=1647"},"modified":"2021-01-31T21:22:07","modified_gmt":"2021-02-01T03:22:07","slug":"servicios","status":"publish","type":"page","link":"http:\/\/www.ienasaj.com\/index.php\/servicios\/","title":{"rendered":"Servicios"},"content":{"rendered":"<p>[vc_row][vc_column][vc_column_text]Servicios de Tecnolog\u00eda. En Inform\u00e1tica Especializada NASAJ contamos con ellos. Somos una empresa de desarrollo de software y automatizaci\u00f3n empresarial.<\/p>\n<h2>Estos son nuestros Servicios Principales<\/h2>\n<p>[\/vc_column_text][\/vc_column][\/vc_row][vc_row][vc_column][vc_row_inner][vc_column_inner width=\u00bb1\/3&#8243;]<div class=\"krth-service-one no-margin-top\"><span class=\"service-image\"><img class=\"rounded-three\" src=\"http:\/\/www.ienasaj.com\/wp-content\/uploads\/2020\/12\/robots-automatizacion-desarrollo-de-software-inteligente-costa-rica-5.jpg\" alt=\"\" ><\/span><a href=\"http:\/\/ienasaj.com\/index.php\/soluciones\/robots-automatizacion-empresarial\/\" class=\"service-heading\" target=\"_blank\" style=\"margin-bottom:13px;\">Robots para Automatizaci\u00f3n de Tareas<\/a><p style=\"text-align: justify;\">Delegue aquellas operaciones repetitivas que desgastan a su personal. Ese es el prop\u00f3sito de nuestro nuevo servicio de robots para automatizar tareas repetitivas.<\/p>\n<p style=\"text-align: justify;\">Podemos programar para que se corran procesos inteligentes y de an\u00e1lisis en la plataforma que su compa\u00f1\u00eda maneje sin demoras, retrasos u omisiones.<\/p>\n<\/div>[\/vc_column_inner][vc_column_inner width=\u00bb1\/3&#8243;]<div class=\"krth-service-one no-margin-top\"><span class=\"service-image\"><img class=\"rounded-three\" src=\"http:\/\/www.ienasaj.com\/wp-content\/uploads\/2020\/12\/servidores-en-la-nube-servicios-ienasaj.jpg\" alt=\"Servidores en la Nube\" ><\/span><a href=\"http:\/\/ienasaj.com\/index.php\/soluciones\/servidores-en-la-nube\/\" class=\"service-heading\" target=\"_blank\" style=\"margin-bottom:13px;\">Servidores en la Nube<\/a><p style=\"text-align: justify;\">Para el servicio de servidores en internet cuente con nuestro CENTRO DE DATOS y acceda a toda la informaci\u00f3n desde su empresa. Contamos con servidores de \u00faltima generaci\u00f3n y con garant\u00eda de que siempre tendr\u00e1 acceso. \u00a1No deber\u00e1 invertir en comprar o reparar equipos nunca m\u00e1s!<\/p>\n<\/div>[\/vc_column_inner][vc_column_inner width=\u00bb1\/3&#8243;]<div class=\"krth-service-one no-margin-top\"><span class=\"service-image\"><img class=\"rounded-three\" src=\"http:\/\/www.ienasaj.com\/wp-content\/uploads\/2020\/12\/servicio-de-respaldo-de-datos-con-seguridad2.jpg\" alt=\"\" ><\/span><a href=\"http:\/\/ienasaj.com\/index.php\/soluciones\/respaldo-datos-empresariales\/\" class=\"service-heading\" target=\"_blank\" style=\"margin-bottom:13px;\">Respaldo de Datos Empresariales<\/a><p style=\"text-align: justify;\">El\u00a0<strong>auto-respaldador<\/strong> de SCAD hace la tarea diariamente de estar copiando los datos y as\u00ed evita que lo olvide. Cuenta con la ventaja de efectuar una replica de los datos en servidores de IENASAJ. Son centros de datos seguros, con un correo de verificaci\u00f3n de los respaldos recibidos y el estado de los mismos.<\/p>\n<\/div>[\/vc_column_inner][\/vc_row_inner][\/vc_column][\/vc_row][vc_row][vc_column][vc_column_text]<\/p>\n<h2>Soluciones<\/h2>\n<h3><a href=\"http:\/\/www.ienasaj.com\/index.php\/soluciones-de-software\/software-erp-espanol\/\" target=\"_blank\" rel=\"noopener noreferrer\">Software ERP SCAD<\/a><\/h3>\n<p>Primero tenemos que hablarte del Software ERP SCAD. Por lo tanto debemos decirte que un sistema de gesti\u00f3n que combina el trabajo de todas las \u00e1reas de la empresa. Este completo sistema de gesti\u00f3n ERP hace f\u00e1cil la planificaci\u00f3n de recursos.<\/p>\n<p>Igualmente se encarga de distintas operaciones internas de tu empresa. En primer lugar est\u00e1 la producci\u00f3n. Tambi\u00e9n el inventario, la contabilidad, la distribuci\u00f3n. Otro podr\u00eda ser, los recursos humanos. Debido a ello logra la automatizaci\u00f3n de procesos.<\/p>\n<h3><a href=\"http:\/\/www.ienasaj.com\/index.php\/soluciones-de-software\/software-administrativo-para-moviles-android\/\" target=\"_blank\" rel=\"noopener noreferrer\">Software Administrativo para M\u00f3viles Android<\/a><\/h3>\n<p>En segundo lugar te contamos que SCAD ahora cuenta con una versi\u00f3n Software Administrativo para M\u00f3viles (TABLETAS, TEL\u00c9FONOS INTELIGENTES). Por esta raz\u00f3n ya puede realizar todas las operaciones como si fuera una estaci\u00f3n m\u00e1s de trabajo en tu empresa.<\/p>\n<h3><a href=\"http:\/\/www.ienasaj.com\/index.php\/soluciones-de-software\/facturacion-electronica\/\" target=\"_blank\" rel=\"noopener noreferrer\">Facturaci\u00f3n Electr\u00f3nica<\/a><\/h3>\n<p>Finalmente podemos decirte que es un sistema modular que funciona en integraci\u00f3n o independiente de SCAD ERP. As\u00ed logra que el proceso de adaptaci\u00f3n de su empresa a este requerimiento sea muy f\u00e1cil. Son varios los pa\u00edses que de Latinoam\u00e9rica que han incorporado este tipo de facturaci\u00f3n en sus procesos fiscales.[\/vc_column_text][\/vc_column][\/vc_row][vc_row][vc_column][vc_column_text]<strong>Encuentra las Mejores soluciones<\/strong> en <a href=\"http:\/\/www.ienasaj.com\/index.php\/soluciones\/software-erp-espanol\/\" target=\"_blank\" rel=\"noopener noreferrer\"><strong>Software Administrativo Empresarial o ERP<\/strong><\/a>, <a href=\"http:\/\/www.ienasaj.com\/index.php\/soluciones\/facturacion-electronica\/\" target=\"_blank\" rel=\"noopener noreferrer\"><strong>Factura Electr\u00f3nica para Colombia y Costa Rica<\/strong><\/a>, <a href=\"http:\/\/www.ienasaj.com\/index.php\/soluciones\/impresora-fiscal-y-software-en-panama\/\" target=\"_blank\" rel=\"noopener noreferrer\"><strong>Impresora Fiscal en Panam\u00e1<\/strong><\/a> y <a href=\"http:\/\/www.ienasaj.com\/index.php\/soluciones\/software-administrativo-android\/\" target=\"_blank\" rel=\"noopener noreferrer\"><strong>Software Administrativo para m\u00f3viles<\/strong><\/a>. Sigue nuestra <strong><a href=\"https:\/\/www.facebook.com\/informaticaespecializadanasaj\/\" target=\"_blank\" rel=\"noopener noreferrer\">p\u00e1gina en Facebook<\/a><\/strong> y nuestra <a href=\"https:\/\/www.instagram.com\/informaticaespecializada\/\" target=\"_blank\" rel=\"noopener noreferrer\"><strong>cuenta en Instagram<\/strong><\/a>.[\/vc_column_text][\/vc_column][\/vc_row][vc_row][vc_column][vc_separator][\/vc_column][\/vc_row][vc_row full_width=\u00bbstretch_row\u00bb overlay_dotted=\u00bb\u00bb css=\u00bb.vc_custom_1608833732891{margin-top: 48px !important;background-color: #f67003 !important;}\u00bb][vc_column]<div class=\"krth-cta krth-cta-one cta-cnt-left \"><div class=\"krth-cta-cnt \" ><p><span style=\"color: #ffffff;\"><strong>Servicio al Cliente<\/strong> <span style=\"padding-left: 15px;\">Estamos atentos a tus requerimientos<\/span><\/span><\/p>\n<\/div><a class=\"krth-btn btn-secondary  vc_custom_1608138358879 btn-medium krth-btn-6a05a529e3120 btn-hover-one btn-icon-left rounded-three \" href=\"http:\/\/www.ienasaj.com\/index.php\/contacto\/\"><span class=\"btn-text\">Cont\u00e1ctenos<\/span><\/a><\/div>[\/vc_column][\/vc_row]<\/p>\n","protected":false},"excerpt":{"rendered":"[vc_row][vc_column][vc_column_text]Servicios de Tecnolog\u00eda. En Inform\u00e1tica Especializada NASAJ contamos con ellos. Somos una empresa de desarrollo de software y automatizaci\u00f3n empresarial. Estos son nuestros Servicios Principales [\/vc_column_text][\/vc_column][\/vc_row][vc_row][vc_column][vc_row_inner][vc_column_inner width=\u00bb1\/3&#8243;][\/vc_column_inner][vc_column_inner width=\u00bb1\/3&#8243;][\/vc_column_inner][vc_column_inner width=\u00bb1\/3&#8243;][\/vc_column_inner][\/vc_row_inner][\/vc_column][\/vc_row][vc_row][vc_column][vc_column_text] Soluciones Software ERP SCAD Primero tenemos que hablarte del Software ERP SCAD. Por lo tanto debemos decirte que un sistema de gesti\u00f3n que combina el trabajo[&#8230;]","protected":false},"author":1,"featured_media":0,"parent":0,"menu_order":4,"comment_status":"closed","ping_status":"closed","template":"","meta":[],"yoast_head":"<!-- This site is optimized with the Yoast SEO plugin v18.8 - https:\/\/yoast.com\/wordpress\/plugins\/seo\/ -->\n<title>Servicios de Software | Inform\u00e1tica Especializada NASAJ<\/title>\n<meta name=\"description\" content=\"En Inform\u00e1tica Especializada NASAJ ofrecemos servicios de tecnolog\u00eda. Somos empresa de desarrollo de software y automatizaci\u00f3n empresarial.\" \/>\n<meta name=\"robots\" content=\"index, follow, max-snippet:-1, max-image-preview:large, max-video-preview:-1\" \/>\n<link rel=\"canonical\" href=\"http:\/\/www.ienasaj.com\/index.php\/servicios\/\" \/>\n<meta property=\"og:locale\" content=\"es_ES\" \/>\n<meta property=\"og:type\" content=\"article\" \/>\n<meta property=\"og:title\" content=\"Servicios de Software | Inform\u00e1tica Especializada NASAJ\" \/>\n<meta property=\"og:description\" content=\"En Inform\u00e1tica Especializada NASAJ ofrecemos servicios de tecnolog\u00eda. Somos empresa de desarrollo de software y automatizaci\u00f3n empresarial.\" \/>\n<meta property=\"og:url\" content=\"http:\/\/www.ienasaj.com\/index.php\/servicios\/\" \/>\n<meta property=\"og:site_name\" content=\"Inform\u00e1tica Especializada NASAJ\" \/>\n<meta property=\"article:publisher\" content=\"https:\/\/www.facebook.com\/informaticaespecializadanasaj\" \/>\n<meta property=\"article:modified_time\" content=\"2021-02-01T03:22:07+00:00\" \/>\n<meta property=\"og:image\" content=\"http:\/\/www.ienasaj.com\/wp-content\/uploads\/2021\/01\/servicio-al-cliente-ienasaj.jpg\" \/>\n\t<meta property=\"og:image:width\" content=\"400\" \/>\n\t<meta property=\"og:image:height\" content=\"600\" \/>\n\t<meta property=\"og:image:type\" content=\"image\/jpeg\" \/>\n<meta name=\"twitter:card\" content=\"summary_large_image\" \/>\n<meta name=\"twitter:site\" content=\"@ienasaj\" \/>\n<meta name=\"twitter:label1\" content=\"Tiempo de lectura\" \/>\n\t<meta name=\"twitter:data1\" content=\"2 minutos\" \/>\n<script type=\"application\/ld+json\" class=\"yoast-schema-graph\">{\"@context\":\"https:\/\/schema.org\",\"@graph\":[{\"@type\":\"Organization\",\"@id\":\"http:\/\/www.ienasaj.com\/#organization\",\"name\":\"Inform\u00e1tica Especializada Nasaj\",\"url\":\"http:\/\/www.ienasaj.com\/\",\"sameAs\":[\"https:\/\/www.facebook.com\/informaticaespecializadanasaj\",\"https:\/\/www.instagram.com\/ienasaj\/\",\"https:\/\/www.linkedin.com\/company\/inform\u00e1tica-especializada-nasaj\/\",\"https:\/\/www.youtube.com\/user\/infnasaj\",\"https:\/\/twitter.com\/ienasaj\"],\"logo\":{\"@type\":\"ImageObject\",\"inLanguage\":\"es\",\"@id\":\"http:\/\/www.ienasaj.com\/#\/schema\/logo\/image\/\",\"url\":\"http:\/\/www.ienasaj.com\/wp-content\/uploads\/2020\/12\/logo_ienasaj-erp-nuevo-th.png\",\"contentUrl\":\"http:\/\/www.ienasaj.com\/wp-content\/uploads\/2020\/12\/logo_ienasaj-erp-nuevo-th.png\",\"width\":140,\"height\":47,\"caption\":\"Inform\u00e1tica Especializada Nasaj\"},\"image\":{\"@id\":\"http:\/\/www.ienasaj.com\/#\/schema\/logo\/image\/\"}},{\"@type\":\"WebSite\",\"@id\":\"http:\/\/www.ienasaj.com\/#website\",\"url\":\"http:\/\/www.ienasaj.com\/\",\"name\":\"Inform\u00e1tica Especializada NASAJ\",\"description\":\"Software ERP para gesti\u00f3n empresarial, software y soluciones empresariales latinoamerica\",\"publisher\":{\"@id\":\"http:\/\/www.ienasaj.com\/#organization\"},\"potentialAction\":[{\"@type\":\"SearchAction\",\"target\":{\"@type\":\"EntryPoint\",\"urlTemplate\":\"http:\/\/www.ienasaj.com\/?s={search_term_string}\"},\"query-input\":\"required name=search_term_string\"}],\"inLanguage\":\"es\"},{\"@type\":\"WebPage\",\"@id\":\"http:\/\/www.ienasaj.com\/index.php\/servicios\/#webpage\",\"url\":\"http:\/\/www.ienasaj.com\/index.php\/servicios\/\",\"name\":\"Servicios de Software | Inform\u00e1tica Especializada NASAJ\",\"isPartOf\":{\"@id\":\"http:\/\/www.ienasaj.com\/#website\"},\"datePublished\":\"2020-12-14T22:07:16+00:00\",\"dateModified\":\"2021-02-01T03:22:07+00:00\",\"description\":\"En Inform\u00e1tica Especializada NASAJ ofrecemos servicios de tecnolog\u00eda. Somos empresa de desarrollo de software y automatizaci\u00f3n empresarial.\",\"breadcrumb\":{\"@id\":\"http:\/\/www.ienasaj.com\/index.php\/servicios\/#breadcrumb\"},\"inLanguage\":\"es\",\"potentialAction\":[{\"@type\":\"ReadAction\",\"target\":[\"http:\/\/www.ienasaj.com\/index.php\/servicios\/\"]}]},{\"@type\":\"BreadcrumbList\",\"@id\":\"http:\/\/www.ienasaj.com\/index.php\/servicios\/#breadcrumb\",\"itemListElement\":[{\"@type\":\"ListItem\",\"position\":1,\"name\":\"Home\",\"item\":\"http:\/\/www.ienasaj.com\/\"},{\"@type\":\"ListItem\",\"position\":2,\"name\":\"Servicios\"}]}]}<\/script>\n<!-- \/ Yoast SEO plugin. -->","yoast_head_json":{"title":"Servicios de Software | Inform\u00e1tica Especializada NASAJ","description":"En Inform\u00e1tica Especializada NASAJ ofrecemos servicios de tecnolog\u00eda. Somos empresa de desarrollo de software y automatizaci\u00f3n empresarial.","robots":{"index":"index","follow":"follow","max-snippet":"max-snippet:-1","max-image-preview":"max-image-preview:large","max-video-preview":"max-video-preview:-1"},"canonical":"http:\/\/www.ienasaj.com\/index.php\/servicios\/","og_locale":"es_ES","og_type":"article","og_title":"Servicios de Software | Inform\u00e1tica Especializada NASAJ","og_description":"En Inform\u00e1tica Especializada NASAJ ofrecemos servicios de tecnolog\u00eda. Somos empresa de desarrollo de software y automatizaci\u00f3n empresarial.","og_url":"http:\/\/www.ienasaj.com\/index.php\/servicios\/","og_site_name":"Inform\u00e1tica Especializada NASAJ","article_publisher":"https:\/\/www.facebook.com\/informaticaespecializadanasaj","article_modified_time":"2021-02-01T03:22:07+00:00","og_image":[{"width":400,"height":600,"url":"http:\/\/www.ienasaj.com\/wp-content\/uploads\/2021\/01\/servicio-al-cliente-ienasaj.jpg","type":"image\/jpeg"}],"twitter_card":"summary_large_image","twitter_site":"@ienasaj","twitter_misc":{"Tiempo de lectura":"2 minutos"},"schema":{"@context":"https:\/\/schema.org","@graph":[{"@type":"Organization","@id":"http:\/\/www.ienasaj.com\/#organization","name":"Inform\u00e1tica Especializada Nasaj","url":"http:\/\/www.ienasaj.com\/","sameAs":["https:\/\/www.facebook.com\/informaticaespecializadanasaj","https:\/\/www.instagram.com\/ienasaj\/","https:\/\/www.linkedin.com\/company\/inform\u00e1tica-especializada-nasaj\/","https:\/\/www.youtube.com\/user\/infnasaj","https:\/\/twitter.com\/ienasaj"],"logo":{"@type":"ImageObject","inLanguage":"es","@id":"http:\/\/www.ienasaj.com\/#\/schema\/logo\/image\/","url":"http:\/\/www.ienasaj.com\/wp-content\/uploads\/2020\/12\/logo_ienasaj-erp-nuevo-th.png","contentUrl":"http:\/\/www.ienasaj.com\/wp-content\/uploads\/2020\/12\/logo_ienasaj-erp-nuevo-th.png","width":140,"height":47,"caption":"Inform\u00e1tica Especializada Nasaj"},"image":{"@id":"http:\/\/www.ienasaj.com\/#\/schema\/logo\/image\/"}},{"@type":"WebSite","@id":"http:\/\/www.ienasaj.com\/#website","url":"http:\/\/www.ienasaj.com\/","name":"Inform\u00e1tica Especializada NASAJ","description":"Software ERP para gesti\u00f3n empresarial, software y soluciones empresariales latinoamerica","publisher":{"@id":"http:\/\/www.ienasaj.com\/#organization"},"potentialAction":[{"@type":"SearchAction","target":{"@type":"EntryPoint","urlTemplate":"http:\/\/www.ienasaj.com\/?s={search_term_string}"},"query-input":"required name=search_term_string"}],"inLanguage":"es"},{"@type":"WebPage","@id":"http:\/\/www.ienasaj.com\/index.php\/servicios\/#webpage","url":"http:\/\/www.ienasaj.com\/index.php\/servicios\/","name":"Servicios de Software | Inform\u00e1tica Especializada NASAJ","isPartOf":{"@id":"http:\/\/www.ienasaj.com\/#website"},"datePublished":"2020-12-14T22:07:16+00:00","dateModified":"2021-02-01T03:22:07+00:00","description":"En Inform\u00e1tica Especializada NASAJ ofrecemos servicios de tecnolog\u00eda. Somos empresa de desarrollo de software y automatizaci\u00f3n empresarial.","breadcrumb":{"@id":"http:\/\/www.ienasaj.com\/index.php\/servicios\/#breadcrumb"},"inLanguage":"es","potentialAction":[{"@type":"ReadAction","target":["http:\/\/www.ienasaj.com\/index.php\/servicios\/"]}]},{"@type":"BreadcrumbList","@id":"http:\/\/www.ienasaj.com\/index.php\/servicios\/#breadcrumb","itemListElement":[{"@type":"ListItem","position":1,"name":"Home","item":"http:\/\/www.ienasaj.com\/"},{"@type":"ListItem","position":2,"name":"Servicios"}]}]}},"_links":{"self":[{"href":"http:\/\/www.ienasaj.com\/index.php\/wp-json\/wp\/v2\/pages\/1647"}],"collection":[{"href":"http:\/\/www.ienasaj.com\/index.php\/wp-json\/wp\/v2\/pages"}],"about":[{"href":"http:\/\/www.ienasaj.com\/index.php\/wp-json\/wp\/v2\/types\/page"}],"author":[{"embeddable":true,"href":"http:\/\/www.ienasaj.com\/index.php\/wp-json\/wp\/v2\/users\/1"}],"replies":[{"embeddable":true,"href":"http:\/\/www.ienasaj.com\/index.php\/wp-json\/wp\/v2\/comments?post=1647"}],"version-history":[{"count":15,"href":"http:\/\/www.ienasaj.com\/index.php\/wp-json\/wp\/v2\/pages\/1647\/revisions"}],"predecessor-version":[{"id":2690,"href":"http:\/\/www.ienasaj.com\/index.php\/wp-json\/wp\/v2\/pages\/1647\/revisions\/2690"}],"wp:attachment":[{"href":"http:\/\/www.ienasaj.com\/index.php\/wp-json\/wp\/v2\/media?parent=1647"}],"curies":[{"name":"wp","href":"https:\/\/api.w.org\/{rel}","templated":true}]}}