{"id":1700,"date":"2020-12-16T16:33:21","date_gmt":"2020-12-16T16:33:21","guid":{"rendered":"http:\/\/www.ienasaj.com\/?page_id=1700"},"modified":"2021-01-31T22:09:12","modified_gmt":"2021-02-01T04:09:12","slug":"servidores-en-la-nube","status":"publish","type":"page","link":"http:\/\/www.ienasaj.com\/index.php\/soluciones-de-software\/servidores-en-la-nube\/","title":{"rendered":"Servidores en la Nube"},"content":{"rendered":"<p>[vc_row][vc_column width=\u00bb1\/4&#8243;][vc_widget_sidebar sidebar_id=\u00bbsub-services-page-sidebar\u00bb][\/vc_column][vc_column width=\u00bb3\/4&#8243;][vc_row_inner][vc_column_inner][vc_single_image image=\u00bb1702&#8243; img_size=\u00bblarge\u00bb alignment=\u00bbcenter\u00bb el_class=\u00bbrounded-three\u00bb][vc_column_text css=\u00bb.vc_custom_1612152438078{margin-bottom: 5px !important;}\u00bb]<\/p>\n<h3><span class=\"title-left\">Servidores en<\/span> la Nube y SCAD en la Nube<\/h3>\n<p style=\"text-align: justify;\">\u00bfTiene servidores en la nube antiguos que desea remplazar? \u00bfRequiere de nuevo software para su empresa pero no tiene el flujo de caja para comprarlo? \u00bfDesea mayor movilidad de su informaci\u00f3n para poder acceder a ella desde m\u00faltiples sitios? \u00bfUtiliza el tele-trabajo, o tiene personal que trabaja desde su casa?<\/p>\n<p style=\"text-align: justify;\">En cualquiera de las anteriores circunstancias le podemos ayudar por medio de nuestros servicios de servidores desde la RED internet, esto le permite correr SCAD desde CENTROS DE DATOS y accesar toda la informaci\u00f3n desde su empresa con servidores de ultima generaci\u00f3n y con garant\u00eda de que siempre tendr\u00e1 acceso y no tendr\u00e1 que invertir en comprar o reparar equipos nunca mas.<\/p>\n<p style=\"text-align: justify;\">Nunca mas se le da\u00f1ar\u00e1 el disco duro del servidor dej\u00e1ndolo sin nada o se da\u00f1ara alg\u00fan componente en el servidor impidi\u00e9ndole trabajar y haciendo que deba correr para ver c\u00f3mo se repara.<\/p>\n<p style=\"text-align: justify;\">Por otro lado tambi\u00e9n tenemos disponible el SCAD bajo demanda o sea que no debe comprarlo sino que lo alquila por una tarifa mensual, este servicio esta disponible \u00fanicamente bajo contrataci\u00f3n de servidor en internet.<\/p>\n<p style=\"text-align: justify;\">Los anteriores servicios obt\u00e9ngalos desde tarifas de $50 USD mensuales en adelante.<\/p>\n<p>[\/vc_column_text][vc_column_text]<\/p>\n<h2>\u00bfM\u00e1s Informaci\u00f3n?<\/h2>\n<p>Cont\u00e1ctanos[\/vc_column_text][\/vc_column_inner][\/vc_row_inner][\/vc_column][\/vc_row][vc_row full_width=\u00bbstretch_row\u00bb overlay_dotted=\u00bb\u00bb css=\u00bb.vc_custom_1481544462099{margin-top: 40px !important;}\u00bb][vc_column]<div class=\"krth-cta krth-cta-one cta-cnt-left \"><div class=\"krth-cta-cnt \" ><p><span style=\"color: #ffffff;\"><strong>Servicio al Cliente<\/strong> <span style=\"padding-left: 15px;\">Estamos atentos a tus requerimientos<\/span><\/span><\/p>\n<\/div><a class=\"krth-btn btn-secondary  vc_custom_1608135076810 btn-medium krth-btn-69eb7ad5b80e6 btn-hover-one btn-icon-left rounded-three \" href=\"http:\/\/www.ienasaj.com\/index.php\/contacto\/\"><span class=\"btn-text\">Cont\u00e1ctanos<\/span><\/a><\/div>[\/vc_column][\/vc_row][vc_row][vc_column][vc_separator][\/vc_column][\/vc_row][vc_row][vc_column][vc_column_text]<strong>Encuentra las Mejores soluciones<\/strong> en <a href=\"http:\/\/www.ienasaj.com\/index.php\/soluciones\/software-erp-espanol\/\" target=\"_blank\" rel=\"noopener noreferrer\"><strong>Software Administrativo Empresarial o ERP<\/strong><\/a>, <a href=\"http:\/\/www.ienasaj.com\/index.php\/soluciones\/facturacion-electronica\/\" target=\"_blank\" rel=\"noopener noreferrer\"><strong>Factura Electr\u00f3nica para Colombia y Costa Rica<\/strong><\/a>, <a href=\"http:\/\/www.ienasaj.com\/index.php\/soluciones\/impresora-fiscal-y-software-en-panama\/\" target=\"_blank\" rel=\"noopener noreferrer\"><strong>Impresora Fiscal en Panam\u00e1<\/strong><\/a> y <a href=\"http:\/\/www.ienasaj.com\/index.php\/soluciones\/software-administrativo-android\/\" target=\"_blank\" rel=\"noopener noreferrer\"><strong>Software Administrativo para m\u00f3viles<\/strong><\/a>. Sigue nuestra <strong><a href=\"https:\/\/www.facebook.com\/informaticaespecializadanasaj\/\" target=\"_blank\" rel=\"noopener noreferrer\">p\u00e1gina en Facebook<\/a><\/strong> y nuestra <a href=\"https:\/\/www.instagram.com\/informaticaespecializada\/\" target=\"_blank\" rel=\"noopener noreferrer\"><strong>cuenta en Instagram<\/strong><\/a>.[\/vc_column_text][\/vc_column][\/vc_row][vc_row][vc_column][vc_column_text]<\/p>\n<h2>Otras Soluciones de Inform\u00e1tica Especializada NASAJ<\/h2>\n<h3><a href=\"http:\/\/www.ienasaj.com\/index.php\/soluciones-de-software\/software-erp-espanol\/\" target=\"_blank\" rel=\"noopener noreferrer\">Software ERP SCAD<\/a><\/h3>\n<p>Primero tenemos que hablarte del Software ERP SCAD. Por lo tanto debemos decirte que un sistema de gesti\u00f3n que combina el trabajo de todas las \u00e1reas de la empresa. Este completo sistema de gesti\u00f3n ERP hace f\u00e1cil la planificaci\u00f3n de recursos.<\/p>\n<p>Igualmente se encarga de distintas operaciones internas de tu empresa. En primer lugar est\u00e1 la producci\u00f3n. Tambi\u00e9n el inventario, la contabilidad, la distribuci\u00f3n. Otro podr\u00eda ser, los recursos humanos. Debido a ello logra la automatizaci\u00f3n de procesos.<\/p>\n<h3><a href=\"http:\/\/www.ienasaj.com\/index.php\/soluciones-de-software\/software-administrativo-para-moviles-android\/\" target=\"_blank\" rel=\"noopener noreferrer\">Software Administrativo para M\u00f3viles Android<\/a><\/h3>\n<p>En segundo lugar te contamos que SCAD ahora cuenta con una versi\u00f3n Software Administrativo para M\u00f3viles (TABLETAS, TEL\u00c9FONOS INTELIGENTES). Por esta raz\u00f3n ya puede realizar todas las operaciones como si fuera una estaci\u00f3n m\u00e1s de trabajo en tu empresa.<\/p>\n<h3><a href=\"http:\/\/www.ienasaj.com\/index.php\/soluciones-de-software\/facturacion-electronica\/\" target=\"_blank\" rel=\"noopener noreferrer\">Facturaci\u00f3n Electr\u00f3nica<\/a><\/h3>\n<p>Finalmente podemos decirte que es un sistema modular que funciona en integraci\u00f3n o independiente de SCAD ERP. As\u00ed logra que el proceso de adaptaci\u00f3n de su empresa a este requerimiento sea muy f\u00e1cil. Son varios los pa\u00edses que de Latinoam\u00e9rica que han incorporado este tipo de facturaci\u00f3n en sus procesos fiscales.[\/vc_column_text][\/vc_column][\/vc_row]<\/p>\n","protected":false},"excerpt":{"rendered":"[vc_row][vc_column width=\u00bb1\/4&#8243;][vc_widget_sidebar sidebar_id=\u00bbsub-services-page-sidebar\u00bb][\/vc_column][vc_column width=\u00bb3\/4&#8243;][vc_row_inner][vc_column_inner][vc_single_image image=\u00bb1702&#8243; img_size=\u00bblarge\u00bb alignment=\u00bbcenter\u00bb el_class=\u00bbrounded-three\u00bb][vc_column_text css=\u00bb.vc_custom_1612152438078{margin-bottom: 5px !important;}\u00bb] Servidores en la Nube y SCAD en la Nube \u00bfTiene servidores en la nube antiguos que desea remplazar? \u00bfRequiere de nuevo software para su empresa pero no tiene el flujo de caja para comprarlo? \u00bfDesea mayor movilidad de su informaci\u00f3n para poder acceder a[&#8230;]","protected":false},"author":1,"featured_media":1702,"parent":588,"menu_order":0,"comment_status":"closed","ping_status":"closed","template":"","meta":[],"yoast_head":"<!-- This site is optimized with the Yoast SEO plugin v18.8 - https:\/\/yoast.com\/wordpress\/plugins\/seo\/ -->\n<title>Servidores en la Nube | Inform\u00e1tica Especializada NASAJ<\/title>\n<meta name=\"description\" content=\"Servidores en la nube para peque\u00f1a, mediana y gran empresa, para cada tipo de negocio. Contacto +50768687292 whatsapp y telegram.\" \/>\n<meta name=\"robots\" content=\"index, follow, max-snippet:-1, max-image-preview:large, max-video-preview:-1\" \/>\n<link rel=\"canonical\" href=\"http:\/\/www.ienasaj.com\/index.php\/soluciones-de-software\/servidores-en-la-nube\/\" \/>\n<meta property=\"og:locale\" content=\"es_ES\" \/>\n<meta property=\"og:type\" content=\"article\" \/>\n<meta property=\"og:title\" content=\"Servidores en la Nube | Inform\u00e1tica Especializada NASAJ\" \/>\n<meta property=\"og:description\" content=\"Servidores en la nube para peque\u00f1a, mediana y gran empresa, para cada tipo de negocio. Contacto +50768687292 whatsapp y telegram.\" \/>\n<meta property=\"og:url\" content=\"http:\/\/www.ienasaj.com\/index.php\/soluciones-de-software\/servidores-en-la-nube\/\" \/>\n<meta property=\"og:site_name\" content=\"Inform\u00e1tica Especializada NASAJ\" \/>\n<meta property=\"article:publisher\" content=\"https:\/\/www.facebook.com\/informaticaespecializadanasaj\" \/>\n<meta property=\"article:modified_time\" content=\"2021-02-01T04:09:12+00:00\" \/>\n<meta property=\"og:image\" content=\"http:\/\/www.ienasaj.com\/wp-content\/uploads\/2020\/12\/servidores-en-la-nube-servicios-ienasaj.jpg\" \/>\n\t<meta property=\"og:image:width\" content=\"1020\" \/>\n\t<meta property=\"og:image:height\" content=\"510\" \/>\n\t<meta property=\"og:image:type\" content=\"image\/jpeg\" \/>\n<meta name=\"twitter:card\" content=\"summary_large_image\" \/>\n<meta name=\"twitter:site\" content=\"@ienasaj\" \/>\n<meta name=\"twitter:label1\" content=\"Tiempo de lectura\" \/>\n\t<meta name=\"twitter:data1\" content=\"3 minutos\" \/>\n<script type=\"application\/ld+json\" class=\"yoast-schema-graph\">{\"@context\":\"https:\/\/schema.org\",\"@graph\":[{\"@type\":\"Organization\",\"@id\":\"http:\/\/www.ienasaj.com\/#organization\",\"name\":\"Inform\u00e1tica Especializada Nasaj\",\"url\":\"http:\/\/www.ienasaj.com\/\",\"sameAs\":[\"https:\/\/www.facebook.com\/informaticaespecializadanasaj\",\"https:\/\/www.instagram.com\/ienasaj\/\",\"https:\/\/www.linkedin.com\/company\/inform\u00e1tica-especializada-nasaj\/\",\"https:\/\/www.youtube.com\/user\/infnasaj\",\"https:\/\/twitter.com\/ienasaj\"],\"logo\":{\"@type\":\"ImageObject\",\"inLanguage\":\"es\",\"@id\":\"http:\/\/www.ienasaj.com\/#\/schema\/logo\/image\/\",\"url\":\"http:\/\/www.ienasaj.com\/wp-content\/uploads\/2020\/12\/logo_ienasaj-erp-nuevo-th.png\",\"contentUrl\":\"http:\/\/www.ienasaj.com\/wp-content\/uploads\/2020\/12\/logo_ienasaj-erp-nuevo-th.png\",\"width\":140,\"height\":47,\"caption\":\"Inform\u00e1tica Especializada Nasaj\"},\"image\":{\"@id\":\"http:\/\/www.ienasaj.com\/#\/schema\/logo\/image\/\"}},{\"@type\":\"WebSite\",\"@id\":\"http:\/\/www.ienasaj.com\/#website\",\"url\":\"http:\/\/www.ienasaj.com\/\",\"name\":\"Inform\u00e1tica Especializada NASAJ\",\"description\":\"Software ERP para gesti\u00f3n empresarial, software y soluciones empresariales latinoamerica\",\"publisher\":{\"@id\":\"http:\/\/www.ienasaj.com\/#organization\"},\"potentialAction\":[{\"@type\":\"SearchAction\",\"target\":{\"@type\":\"EntryPoint\",\"urlTemplate\":\"http:\/\/www.ienasaj.com\/?s={search_term_string}\"},\"query-input\":\"required name=search_term_string\"}],\"inLanguage\":\"es\"},{\"@type\":\"ImageObject\",\"inLanguage\":\"es\",\"@id\":\"http:\/\/www.ienasaj.com\/index.php\/soluciones-de-software\/servidores-en-la-nube\/#primaryimage\",\"url\":\"http:\/\/www.ienasaj.com\/wp-content\/uploads\/2020\/12\/servidores-en-la-nube-servicios-ienasaj.jpg\",\"contentUrl\":\"http:\/\/www.ienasaj.com\/wp-content\/uploads\/2020\/12\/servidores-en-la-nube-servicios-ienasaj.jpg\",\"width\":1020,\"height\":510,\"caption\":\"Servidores en la Nube\"},{\"@type\":\"WebPage\",\"@id\":\"http:\/\/www.ienasaj.com\/index.php\/soluciones-de-software\/servidores-en-la-nube\/#webpage\",\"url\":\"http:\/\/www.ienasaj.com\/index.php\/soluciones-de-software\/servidores-en-la-nube\/\",\"name\":\"Servidores en la Nube | Inform\u00e1tica Especializada NASAJ\",\"isPartOf\":{\"@id\":\"http:\/\/www.ienasaj.com\/#website\"},\"primaryImageOfPage\":{\"@id\":\"http:\/\/www.ienasaj.com\/index.php\/soluciones-de-software\/servidores-en-la-nube\/#primaryimage\"},\"datePublished\":\"2020-12-16T16:33:21+00:00\",\"dateModified\":\"2021-02-01T04:09:12+00:00\",\"description\":\"Servidores en la nube para peque\u00f1a, mediana y gran empresa, para cada tipo de negocio. Contacto +50768687292 whatsapp y telegram.\",\"breadcrumb\":{\"@id\":\"http:\/\/www.ienasaj.com\/index.php\/soluciones-de-software\/servidores-en-la-nube\/#breadcrumb\"},\"inLanguage\":\"es\",\"potentialAction\":[{\"@type\":\"ReadAction\",\"target\":[\"http:\/\/www.ienasaj.com\/index.php\/soluciones-de-software\/servidores-en-la-nube\/\"]}]},{\"@type\":\"BreadcrumbList\",\"@id\":\"http:\/\/www.ienasaj.com\/index.php\/soluciones-de-software\/servidores-en-la-nube\/#breadcrumb\",\"itemListElement\":[{\"@type\":\"ListItem\",\"position\":1,\"name\":\"Home\",\"item\":\"http:\/\/www.ienasaj.com\/\"},{\"@type\":\"ListItem\",\"position\":2,\"name\":\"Soluciones\",\"item\":\"http:\/\/www.ienasaj.com\/index.php\/soluciones-de-software\/\"},{\"@type\":\"ListItem\",\"position\":3,\"name\":\"Servidores en la Nube\"}]}]}<\/script>\n<!-- \/ Yoast SEO plugin. -->","yoast_head_json":{"title":"Servidores en la Nube | Inform\u00e1tica Especializada NASAJ","description":"Servidores en la nube para peque\u00f1a, mediana y gran empresa, para cada tipo de negocio. Contacto +50768687292 whatsapp y telegram.","robots":{"index":"index","follow":"follow","max-snippet":"max-snippet:-1","max-image-preview":"max-image-preview:large","max-video-preview":"max-video-preview:-1"},"canonical":"http:\/\/www.ienasaj.com\/index.php\/soluciones-de-software\/servidores-en-la-nube\/","og_locale":"es_ES","og_type":"article","og_title":"Servidores en la Nube | Inform\u00e1tica Especializada NASAJ","og_description":"Servidores en la nube para peque\u00f1a, mediana y gran empresa, para cada tipo de negocio. Contacto +50768687292 whatsapp y telegram.","og_url":"http:\/\/www.ienasaj.com\/index.php\/soluciones-de-software\/servidores-en-la-nube\/","og_site_name":"Inform\u00e1tica Especializada NASAJ","article_publisher":"https:\/\/www.facebook.com\/informaticaespecializadanasaj","article_modified_time":"2021-02-01T04:09:12+00:00","og_image":[{"width":1020,"height":510,"url":"http:\/\/www.ienasaj.com\/wp-content\/uploads\/2020\/12\/servidores-en-la-nube-servicios-ienasaj.jpg","type":"image\/jpeg"}],"twitter_card":"summary_large_image","twitter_site":"@ienasaj","twitter_misc":{"Tiempo de lectura":"3 minutos"},"schema":{"@context":"https:\/\/schema.org","@graph":[{"@type":"Organization","@id":"http:\/\/www.ienasaj.com\/#organization","name":"Inform\u00e1tica Especializada Nasaj","url":"http:\/\/www.ienasaj.com\/","sameAs":["https:\/\/www.facebook.com\/informaticaespecializadanasaj","https:\/\/www.instagram.com\/ienasaj\/","https:\/\/www.linkedin.com\/company\/inform\u00e1tica-especializada-nasaj\/","https:\/\/www.youtube.com\/user\/infnasaj","https:\/\/twitter.com\/ienasaj"],"logo":{"@type":"ImageObject","inLanguage":"es","@id":"http:\/\/www.ienasaj.com\/#\/schema\/logo\/image\/","url":"http:\/\/www.ienasaj.com\/wp-content\/uploads\/2020\/12\/logo_ienasaj-erp-nuevo-th.png","contentUrl":"http:\/\/www.ienasaj.com\/wp-content\/uploads\/2020\/12\/logo_ienasaj-erp-nuevo-th.png","width":140,"height":47,"caption":"Inform\u00e1tica Especializada Nasaj"},"image":{"@id":"http:\/\/www.ienasaj.com\/#\/schema\/logo\/image\/"}},{"@type":"WebSite","@id":"http:\/\/www.ienasaj.com\/#website","url":"http:\/\/www.ienasaj.com\/","name":"Inform\u00e1tica Especializada NASAJ","description":"Software ERP para gesti\u00f3n empresarial, software y soluciones empresariales latinoamerica","publisher":{"@id":"http:\/\/www.ienasaj.com\/#organization"},"potentialAction":[{"@type":"SearchAction","target":{"@type":"EntryPoint","urlTemplate":"http:\/\/www.ienasaj.com\/?s={search_term_string}"},"query-input":"required name=search_term_string"}],"inLanguage":"es"},{"@type":"ImageObject","inLanguage":"es","@id":"http:\/\/www.ienasaj.com\/index.php\/soluciones-de-software\/servidores-en-la-nube\/#primaryimage","url":"http:\/\/www.ienasaj.com\/wp-content\/uploads\/2020\/12\/servidores-en-la-nube-servicios-ienasaj.jpg","contentUrl":"http:\/\/www.ienasaj.com\/wp-content\/uploads\/2020\/12\/servidores-en-la-nube-servicios-ienasaj.jpg","width":1020,"height":510,"caption":"Servidores en la Nube"},{"@type":"WebPage","@id":"http:\/\/www.ienasaj.com\/index.php\/soluciones-de-software\/servidores-en-la-nube\/#webpage","url":"http:\/\/www.ienasaj.com\/index.php\/soluciones-de-software\/servidores-en-la-nube\/","name":"Servidores en la Nube | Inform\u00e1tica Especializada NASAJ","isPartOf":{"@id":"http:\/\/www.ienasaj.com\/#website"},"primaryImageOfPage":{"@id":"http:\/\/www.ienasaj.com\/index.php\/soluciones-de-software\/servidores-en-la-nube\/#primaryimage"},"datePublished":"2020-12-16T16:33:21+00:00","dateModified":"2021-02-01T04:09:12+00:00","description":"Servidores en la nube para peque\u00f1a, mediana y gran empresa, para cada tipo de negocio. Contacto +50768687292 whatsapp y telegram.","breadcrumb":{"@id":"http:\/\/www.ienasaj.com\/index.php\/soluciones-de-software\/servidores-en-la-nube\/#breadcrumb"},"inLanguage":"es","potentialAction":[{"@type":"ReadAction","target":["http:\/\/www.ienasaj.com\/index.php\/soluciones-de-software\/servidores-en-la-nube\/"]}]},{"@type":"BreadcrumbList","@id":"http:\/\/www.ienasaj.com\/index.php\/soluciones-de-software\/servidores-en-la-nube\/#breadcrumb","itemListElement":[{"@type":"ListItem","position":1,"name":"Home","item":"http:\/\/www.ienasaj.com\/"},{"@type":"ListItem","position":2,"name":"Soluciones","item":"http:\/\/www.ienasaj.com\/index.php\/soluciones-de-software\/"},{"@type":"ListItem","position":3,"name":"Servidores en la Nube"}]}]}},"_links":{"self":[{"href":"http:\/\/www.ienasaj.com\/index.php\/wp-json\/wp\/v2\/pages\/1700"}],"collection":[{"href":"http:\/\/www.ienasaj.com\/index.php\/wp-json\/wp\/v2\/pages"}],"about":[{"href":"http:\/\/www.ienasaj.com\/index.php\/wp-json\/wp\/v2\/types\/page"}],"author":[{"embeddable":true,"href":"http:\/\/www.ienasaj.com\/index.php\/wp-json\/wp\/v2\/users\/1"}],"replies":[{"embeddable":true,"href":"http:\/\/www.ienasaj.com\/index.php\/wp-json\/wp\/v2\/comments?post=1700"}],"version-history":[{"count":6,"href":"http:\/\/www.ienasaj.com\/index.php\/wp-json\/wp\/v2\/pages\/1700\/revisions"}],"predecessor-version":[{"id":2706,"href":"http:\/\/www.ienasaj.com\/index.php\/wp-json\/wp\/v2\/pages\/1700\/revisions\/2706"}],"up":[{"embeddable":true,"href":"http:\/\/www.ienasaj.com\/index.php\/wp-json\/wp\/v2\/pages\/588"}],"wp:featuredmedia":[{"embeddable":true,"href":"http:\/\/www.ienasaj.com\/index.php\/wp-json\/wp\/v2\/media\/1702"}],"wp:attachment":[{"href":"http:\/\/www.ienasaj.com\/index.php\/wp-json\/wp\/v2\/media?parent=1700"}],"curies":[{"name":"wp","href":"https:\/\/api.w.org\/{rel}","templated":true}]}}